{"id":3,"date":"2023-06-10T07:03:41","date_gmt":"2023-06-10T05:03:41","guid":{"rendered":"http:\/\/seastemic.fr\/?page_id=3"},"modified":"2025-02-03T16:16:35","modified_gmt":"2025-02-03T15:16:35","slug":"mentions-legales","status":"publish","type":"page","link":"https:\/\/seastemic.com\/index.php\/a-propos\/mentions-legales\/","title":{"rendered":"Mentions L\u00e9gales"},"content":{"rendered":"<div class=\"yoast-breadcrumbs\"><span><span><a href=\"https:\/\/seastemic.com\/\">Accueil<\/a><\/span> \u00bb <span><a href=\"https:\/\/seastemic.com\/index.php\/a-propos\/\">A PROPOS<\/a><\/span> \u00bb <span class=\"breadcrumb_last\" aria-current=\"page\">Mentions L\u00e9gales<\/span><\/span><\/div>\n\n\n<h1 class=\"wp-block-heading\">Mentions L\u00e9gales<\/h1>\n\n\n\n<p>Mentions L\u00e9gales du site web Seatemic.com : Conform\u00e9ment aux dispositions des articles 6-III et 19 de la Loi n\u00b0 2004-575 du 21 juin 2004 pour la Confiance dans l\u2019\u00e9conomie num\u00e9rique, dite L.C.E.N., nous portons \u00e0 la connaissance des utilisateurs et visiteurs du site seastemic.com les informations suivantes :<\/p>\n\n\n\n<h2 class=\"wp-block-heading\" style=\"text-transform:none\">Si\u00e8ge social<\/h2>\n\n\n\n<p>\u200bSEASTEMIC, 60 Rue des Amidonniers , Apt 110 31000 TOULOUSE<\/p>\n\n\n\n<h2 class=\"wp-block-heading\" style=\"text-transform:none\">Contact<\/h2>\n\n\n\n<p>Email : contact@seastemic.com ; \u200bT\u00e9l\u00e9phone : 06 48 69 05 68<\/p>\n\n\n\n<h2 class=\"wp-block-heading\" style=\"text-transform:none\">Repr\u00e9sentant l\u00e9gal<\/h2>\n\n\n\n<p>\u200bEric CROS<\/p>\n\n\n\n<h2 class=\"wp-block-heading\" style=\"text-transform:none\">Immatriculation<\/h2>\n\n\n\n<ul class=\"wp-block-list\">\n<li>SASU SEASTEMIC<\/li>\n\n\n\n<li>Adresse : 60 rue des Amidonniers Apt 110, 31000 TOULOUSE<\/li>\n\n\n\n<li>SIRET : 832 986 269 00021<\/li>\n\n\n\n<li>N\u00b0 TVA Intra communautaire : FR102832986269<\/li>\n\n\n\n<li>CODE NAF 7112B<\/li>\n\n\n\n<li>RCS 832986269 Toulouse<\/li>\n<\/ul>\n\n\n\n<h2 class=\"wp-block-heading\" style=\"text-transform:none\">Organisme de formation&nbsp;<\/h2>\n\n\n\n<p>D\u00e9claration d&rsquo;activit\u00e9 enregistr\u00e9e sous le num\u00e9ro 76310925831 aupr\u00e8s du Pr\u00e9fet de la r\u00e9gion Occitanie.<\/p>\n\n\n\n<h2 class=\"wp-block-heading\" style=\"text-transform:none\">H\u00e9bergement web&nbsp;<\/h2>\n\n\n\n<p>Le Site Web de notre soci\u00e9t\u00e9 est h\u00e9berg\u00e9 sur la plateforme OVH.&nbsp;<\/p>\n\n\n\n<ul class=\"wp-block-list\">\n<li>OVH &#8211; 2 rue kellermann BP 80157 59053 ROUBAIX CEDEX 1 &#8211; France<\/li>\n\n\n\n<li>SAS au capital de 10 174 560,00 \u20ac &#8211; RCS LILLE METROPOLE 424 761 419 00045 &#8211; Code APE 2620Z<\/li>\n\n\n\n<li>N\u00b0TVA FR22424761419<\/li>\n<\/ul>\n\n\n\n<h2 class=\"wp-block-heading\" style=\"text-transform:none\">Droits de propri\u00e9t\u00e9 intellectuelle<\/h2>\n\n\n\n<p>Seastemic avise les utilisateurs de ce site que de nombreux \u00e9l\u00e9ments de ce site :<\/p>\n\n\n\n<ol class=\"wp-block-list\">\n<li>sont prot\u00e9g\u00e9s par la l\u00e9gislation sur le droit d\u2019auteur : ce peut \u00eatre notamment le cas des photographies, des articles, des dessins, des s\u00e9quences anim\u00e9es,&#8230; ;<\/li>\n\n\n\n<li>et\/ou sont prot\u00e9g\u00e9s par la l\u00e9gislation sur les dessins et mod\u00e8les ;<\/li>\n\n\n\n<li>sont prot\u00e9g\u00e9s par la l\u00e9gislation sur les marques.<\/li>\n<\/ol>\n\n\n\n<p>Les \u00e9l\u00e9ments ainsi prot\u00e9g\u00e9s sont la propri\u00e9t\u00e9 de Seastemic ou de tiers ayant autoris\u00e9 Seastemic \u00e0 les exploiter.<br><br>Toute reproduction, repr\u00e9sentation, utilisation, adaptation, modification, incorporation, traduction, commercialisation, partielles ou int\u00e9grales par quelque proc\u00e9d\u00e9 et sur quelque support que ce soit (papier, num\u00e9rique, &#8230;) sont interdites, sans l\u2019autorisation \u00e9crite pr\u00e9alable de Seastemic, hormis les exceptions vis\u00e9es \u00e0 l\u2019article L 122.5 du Code de la Propri\u00e9t\u00e9 Intellectuelle, sous peine de constituer un d\u00e9lit de contrefa\u00e7on de droit d\u2019auteur et\/ou de dessins et mod\u00e8les et\/ou de marque, puni de deux ans d\u2019emprisonnement et de 150 000\u20ac d\u2019amende.<br><br>Droits d\u2019auteur et\/ou Droits sur les Dessins et Mod\u00e8les : Les photographies, textes, slogans, dessins, images, s\u00e9quences anim\u00e9es sonores ou non ainsi que toutes les \u0153uvres int\u00e9gr\u00e9es dans le site sont la propri\u00e9t\u00e9 de Seastemic ou de tiers ayant autoris\u00e9 Seastemic \u00e0 les utiliser.<br><br>Les reproductions, sur un support papier ou informatique, dudit site sont autoris\u00e9es sous r\u00e9serve qu\u2019elles soient strictement r\u00e9serv\u00e9es \u00e0 un usage personnel excluant tout usage \u00e0 des fins publicitaires et\/ou commerciales et\/ou d\u2019information et\/ou qu\u2019elles soient conformes aux dispositions de l\u2019article L122-5 du Code de la Propri\u00e9t\u00e9 Intellectuelle.<\/p>\n\n\n\n<h2 class=\"wp-block-heading\" style=\"text-transform:none\">Informations relatives aux produits<\/h2>\n\n\n\n<p>Dans le cadre d\u2019une politique d\u2019am\u00e9lioration constante de ses produits et services, Seastemic peut modifier \u00e0 tout moment les caract\u00e9ristiques de son offre. Les produits et\/ou services pr\u00e9sent\u00e9s sur ce site sont ceux distribu\u00e9s en France m\u00e9tropolitaine.<br><br>En tout \u00e9tat de cause, les informations contenues sur ce site sont des informations \u00e0 caract\u00e8re g\u00e9n\u00e9ral et n\u2019ont pas valeur contractuelle.<\/p>\n\n\n\n<h2 class=\"wp-block-heading\" style=\"text-transform:none\">Politique de confidentialit\u00e9<\/h2>\n\n\n\n<h3 class=\"wp-block-heading\" style=\"text-transform:none\">Les donn\u00e9es personnelles<\/h3>\n\n\n\n<p>Seastemic est amen\u00e9e \u00e0 collecter et \u00e0 traiter des informations dont certaines sont qualifi\u00e9es de \u00ab donn\u00e9es personnelles \u00bb. Dans le cadre de son activit\u00e9 sur ce site, il s\u2019agit uniquement des donn\u00e9es d\u2019identit\u00e9, transmises via un formulaire de contact ou bien par contact direct par email.&nbsp; Sont obligatoires dans le formulaire de contact les champs \u00ab nom \u00bb et \u00ab email \u00bb.<\/p>\n\n\n\n<h3 class=\"wp-block-heading\" style=\"text-transform:none\">Utilisation des donn\u00e9es d\u2019identit\u00e9<\/h3>\n\n\n\n<p>Les donn\u00e9es transmises sont utilis\u00e9es dans le but unique de vous re-contacter et\/ou dans le cadre de la demande que vous nous faites. Ces donn\u00e9es sont utilis\u00e9es par Seastemic,&nbsp; responsable du traitement des donn\u00e9es, et ne seront jamais c\u00e9d\u00e9es \u00e0 un tiers&nbsp;<\/p>\n\n\n\n<p>ni utilis\u00e9es \u00e0 d\u2019autres fins que celles d\u00e9taill\u00e9es ci-dessus.<\/p>\n\n\n\n<h3 class=\"wp-block-heading\" style=\"text-transform:none\">Base l\u00e9gale<\/h3>\n\n\n\n<p>Les donn\u00e9es personnelles ne sont collect\u00e9es qu\u2019apr\u00e8s consentement obligatoire de l\u2019utilisateur. Ce consentement est valablement recueilli (boutons et cases \u00e0 cocher), libre, clair et sans \u00e9quivoque. Les donn\u00e9es seront sauvegard\u00e9es durant une dur\u00e9e maximale de 3 ans.<\/p>\n\n\n\n<h3 class=\"wp-block-heading\" style=\"text-transform:none\">Vos droits concernant les donn\u00e9es personnelles<\/h3>\n\n\n\n<p>Vous avez le droit de consultation, demande de modification ou d\u2019effacement sur l\u2019ensemble de vos donn\u00e9es personnelles. Vous pouvez \u00e9galement retirer votre consentement au traitement de vos donn\u00e9es.<\/p>\n","protected":false},"excerpt":{"rendered":"<p>Mentions L\u00e9gales Mentions L\u00e9gales du site web Seatemic.com : Conform\u00e9ment aux dispositions des articles 6-III et 19 de la Loi n\u00b0 2004-575 du 21 juin 2004 pour la Confiance dans l\u2019\u00e9conomie num\u00e9rique, dite L.C.E.N., nous portons \u00e0 la connaissance des utilisateurs et visiteurs du site seastemic.com les informations suivantes : Si\u00e8ge social \u200bSEASTEMIC, 60 Rue&hellip;&nbsp;<a href=\"https:\/\/seastemic.com\/index.php\/a-propos\/mentions-legales\/\" class=\"\" rel=\"bookmark\">Lire la suite &raquo;<span class=\"screen-reader-text\">Mentions L\u00e9gales<\/span><\/a><\/p>\n","protected":false},"author":1,"featured_media":0,"parent":2322,"menu_order":0,"comment_status":"closed","ping_status":"closed","template":"","meta":{"neve_meta_sidebar":"","neve_meta_container":"","neve_meta_enable_content_width":"","neve_meta_content_width":0,"neve_meta_title_alignment":"","neve_meta_author_avatar":"","neve_post_elements_order":"","neve_meta_disable_header":"","neve_meta_disable_footer":"","neve_meta_disable_title":"on","_themeisle_gutenberg_block_has_review":false,"footnotes":""},"class_list":["post-3","page","type-page","status-publish","hentry"],"yoast_head":"<!-- This site is optimized with the Yoast SEO plugin v24.4 - https:\/\/yoast.com\/wordpress\/plugins\/seo\/ -->\n<title>Mentions L\u00e9gales - Seastemic<\/title>\n<meta name=\"description\" content=\"Mentions L\u00e9gales du site web Seatemic.com\" \/>\n<meta name=\"robots\" content=\"index, follow, max-snippet:-1, max-image-preview:large, max-video-preview:-1\" \/>\n<link rel=\"canonical\" href=\"https:\/\/seastemic.com\/index.php\/a-propos\/mentions-legales\/\" \/>\n<meta property=\"og:locale\" content=\"fr_FR\" \/>\n<meta property=\"og:type\" content=\"article\" \/>\n<meta property=\"og:title\" content=\"Mentions L\u00e9gales - Seastemic\" \/>\n<meta property=\"og:description\" content=\"Mentions L\u00e9gales du site web Seatemic.com\" \/>\n<meta property=\"og:url\" content=\"https:\/\/seastemic.com\/index.php\/a-propos\/mentions-legales\/\" \/>\n<meta property=\"og:site_name\" content=\"Seastemic\" \/>\n<meta property=\"article:modified_time\" content=\"2025-02-03T15:16:35+00:00\" \/>\n<meta name=\"twitter:card\" content=\"summary_large_image\" \/>\n<meta name=\"twitter:label1\" content=\"Dur\u00e9e de lecture estim\u00e9e\" \/>\n\t<meta name=\"twitter:data1\" content=\"4 minutes\" \/>\n<script type=\"application\/ld+json\" class=\"yoast-schema-graph\">{\"@context\":\"https:\/\/schema.org\",\"@graph\":[{\"@type\":\"WebPage\",\"@id\":\"https:\/\/seastemic.com\/index.php\/a-propos\/mentions-legales\/\",\"url\":\"https:\/\/seastemic.com\/index.php\/a-propos\/mentions-legales\/\",\"name\":\"Mentions L\u00e9gales - Seastemic\",\"isPartOf\":{\"@id\":\"https:\/\/seastemic.com\/#website\"},\"datePublished\":\"2023-06-10T05:03:41+00:00\",\"dateModified\":\"2025-02-03T15:16:35+00:00\",\"description\":\"Mentions L\u00e9gales du site web Seatemic.com\",\"breadcrumb\":{\"@id\":\"https:\/\/seastemic.com\/index.php\/a-propos\/mentions-legales\/#breadcrumb\"},\"inLanguage\":\"fr-FR\",\"potentialAction\":[{\"@type\":\"ReadAction\",\"target\":[\"https:\/\/seastemic.com\/index.php\/a-propos\/mentions-legales\/\"]}]},{\"@type\":\"BreadcrumbList\",\"@id\":\"https:\/\/seastemic.com\/index.php\/a-propos\/mentions-legales\/#breadcrumb\",\"itemListElement\":[{\"@type\":\"ListItem\",\"position\":1,\"name\":\"Accueil\",\"item\":\"https:\/\/seastemic.com\/\"},{\"@type\":\"ListItem\",\"position\":2,\"name\":\"A PROPOS\",\"item\":\"https:\/\/seastemic.com\/index.php\/a-propos\/\"},{\"@type\":\"ListItem\",\"position\":3,\"name\":\"Mentions L\u00e9gales\"}]},{\"@type\":\"WebSite\",\"@id\":\"https:\/\/seastemic.com\/#website\",\"url\":\"https:\/\/seastemic.com\/\",\"name\":\"Seastemic\",\"description\":\"Inspirer, Former, Transformer\",\"publisher\":{\"@id\":\"https:\/\/seastemic.com\/#organization\"},\"potentialAction\":[{\"@type\":\"SearchAction\",\"target\":{\"@type\":\"EntryPoint\",\"urlTemplate\":\"https:\/\/seastemic.com\/?s={search_term_string}\"},\"query-input\":{\"@type\":\"PropertyValueSpecification\",\"valueRequired\":true,\"valueName\":\"search_term_string\"}}],\"inLanguage\":\"fr-FR\"},{\"@type\":\"Organization\",\"@id\":\"https:\/\/seastemic.com\/#organization\",\"name\":\"Seastemic\",\"url\":\"https:\/\/seastemic.com\/\",\"logo\":{\"@type\":\"ImageObject\",\"inLanguage\":\"fr-FR\",\"@id\":\"https:\/\/seastemic.com\/#\/schema\/logo\/image\/\",\"url\":\"https:\/\/seastemic.com\/wp-content\/uploads\/2023\/06\/cropped-cropped-icone_seastemic.png\",\"contentUrl\":\"https:\/\/seastemic.com\/wp-content\/uploads\/2023\/06\/cropped-cropped-icone_seastemic.png\",\"width\":\"512\",\"height\":\"512\",\"caption\":\"Seastemic\"},\"image\":{\"@id\":\"https:\/\/seastemic.com\/#\/schema\/logo\/image\/\"},\"sameAs\":[\"https:\/\/www.linkedin.com\/company\/seastemic31\"]}]}<\/script>\n<!-- \/ Yoast SEO plugin. -->","yoast_head_json":{"title":"Mentions L\u00e9gales - Seastemic","description":"Mentions L\u00e9gales du site web Seatemic.com","robots":{"index":"index","follow":"follow","max-snippet":"max-snippet:-1","max-image-preview":"max-image-preview:large","max-video-preview":"max-video-preview:-1"},"canonical":"https:\/\/seastemic.com\/index.php\/a-propos\/mentions-legales\/","og_locale":"fr_FR","og_type":"article","og_title":"Mentions L\u00e9gales - Seastemic","og_description":"Mentions L\u00e9gales du site web Seatemic.com","og_url":"https:\/\/seastemic.com\/index.php\/a-propos\/mentions-legales\/","og_site_name":"Seastemic","article_modified_time":"2025-02-03T15:16:35+00:00","twitter_card":"summary_large_image","twitter_misc":{"Dur\u00e9e de lecture estim\u00e9e":"4 minutes"},"schema":{"@context":"https:\/\/schema.org","@graph":[{"@type":"WebPage","@id":"https:\/\/seastemic.com\/index.php\/a-propos\/mentions-legales\/","url":"https:\/\/seastemic.com\/index.php\/a-propos\/mentions-legales\/","name":"Mentions L\u00e9gales - Seastemic","isPartOf":{"@id":"https:\/\/seastemic.com\/#website"},"datePublished":"2023-06-10T05:03:41+00:00","dateModified":"2025-02-03T15:16:35+00:00","description":"Mentions L\u00e9gales du site web Seatemic.com","breadcrumb":{"@id":"https:\/\/seastemic.com\/index.php\/a-propos\/mentions-legales\/#breadcrumb"},"inLanguage":"fr-FR","potentialAction":[{"@type":"ReadAction","target":["https:\/\/seastemic.com\/index.php\/a-propos\/mentions-legales\/"]}]},{"@type":"BreadcrumbList","@id":"https:\/\/seastemic.com\/index.php\/a-propos\/mentions-legales\/#breadcrumb","itemListElement":[{"@type":"ListItem","position":1,"name":"Accueil","item":"https:\/\/seastemic.com\/"},{"@type":"ListItem","position":2,"name":"A PROPOS","item":"https:\/\/seastemic.com\/index.php\/a-propos\/"},{"@type":"ListItem","position":3,"name":"Mentions L\u00e9gales"}]},{"@type":"WebSite","@id":"https:\/\/seastemic.com\/#website","url":"https:\/\/seastemic.com\/","name":"Seastemic","description":"Inspirer, Former, Transformer","publisher":{"@id":"https:\/\/seastemic.com\/#organization"},"potentialAction":[{"@type":"SearchAction","target":{"@type":"EntryPoint","urlTemplate":"https:\/\/seastemic.com\/?s={search_term_string}"},"query-input":{"@type":"PropertyValueSpecification","valueRequired":true,"valueName":"search_term_string"}}],"inLanguage":"fr-FR"},{"@type":"Organization","@id":"https:\/\/seastemic.com\/#organization","name":"Seastemic","url":"https:\/\/seastemic.com\/","logo":{"@type":"ImageObject","inLanguage":"fr-FR","@id":"https:\/\/seastemic.com\/#\/schema\/logo\/image\/","url":"https:\/\/seastemic.com\/wp-content\/uploads\/2023\/06\/cropped-cropped-icone_seastemic.png","contentUrl":"https:\/\/seastemic.com\/wp-content\/uploads\/2023\/06\/cropped-cropped-icone_seastemic.png","width":"512","height":"512","caption":"Seastemic"},"image":{"@id":"https:\/\/seastemic.com\/#\/schema\/logo\/image\/"},"sameAs":["https:\/\/www.linkedin.com\/company\/seastemic31"]}]}},"_links":{"self":[{"href":"https:\/\/seastemic.com\/index.php\/wp-json\/wp\/v2\/pages\/3","targetHints":{"allow":["GET"]}}],"collection":[{"href":"https:\/\/seastemic.com\/index.php\/wp-json\/wp\/v2\/pages"}],"about":[{"href":"https:\/\/seastemic.com\/index.php\/wp-json\/wp\/v2\/types\/page"}],"author":[{"embeddable":true,"href":"https:\/\/seastemic.com\/index.php\/wp-json\/wp\/v2\/users\/1"}],"replies":[{"embeddable":true,"href":"https:\/\/seastemic.com\/index.php\/wp-json\/wp\/v2\/comments?post=3"}],"version-history":[{"count":2,"href":"https:\/\/seastemic.com\/index.php\/wp-json\/wp\/v2\/pages\/3\/revisions"}],"predecessor-version":[{"id":2963,"href":"https:\/\/seastemic.com\/index.php\/wp-json\/wp\/v2\/pages\/3\/revisions\/2963"}],"up":[{"embeddable":true,"href":"https:\/\/seastemic.com\/index.php\/wp-json\/wp\/v2\/pages\/2322"}],"wp:attachment":[{"href":"https:\/\/seastemic.com\/index.php\/wp-json\/wp\/v2\/media?parent=3"}],"curies":[{"name":"wp","href":"https:\/\/api.w.org\/{rel}","templated":true}]}}