{"id":2687,"date":"2025-01-24T11:49:58","date_gmt":"2025-01-24T10:49:58","guid":{"rendered":"https:\/\/seastemic.com\/?page_id=2687"},"modified":"2025-02-13T09:00:33","modified_gmt":"2025-02-13T08:00:33","slug":"programme-fresque-oceane","status":"publish","type":"page","link":"https:\/\/seastemic.com\/index.php\/former\/programme-fresque-oceane\/","title":{"rendered":"Programme Fresque Oc\u00e9ane"},"content":{"rendered":"<div class=\"yoast-breadcrumbs\"><span><span><a href=\"https:\/\/seastemic.com\/\">Accueil<\/a><\/span> \u00bb <span><a href=\"https:\/\/seastemic.com\/index.php\/former\/\">FORMER<\/a><\/span> \u00bb <span class=\"breadcrumb_last\" aria-current=\"page\">Programme Fresque Oc\u00e9ane<\/span><\/span><\/div>\n\n\n<div class=\"wp-block-cover\" style=\"min-height:160px;aspect-ratio:unset;\"><span aria-hidden=\"true\" class=\"wp-block-cover__background has-nv-c-1-background-color has-background-dim-30 has-background-dim\"><\/span><img loading=\"lazy\" decoding=\"async\" width=\"1040\" height=\"379\" class=\"wp-block-cover__image-background wp-image-655\" alt=\"\" src=\"https:\/\/seastemic.com\/wp-content\/uploads\/2022\/02\/FO_2.jpeg\" data-object-fit=\"cover\" srcset=\"https:\/\/seastemic.com\/wp-content\/uploads\/2022\/02\/FO_2.jpeg 1040w, https:\/\/seastemic.com\/wp-content\/uploads\/2022\/02\/FO_2-300x109.jpeg 300w, https:\/\/seastemic.com\/wp-content\/uploads\/2022\/02\/FO_2-1024x373.jpeg 1024w, https:\/\/seastemic.com\/wp-content\/uploads\/2022\/02\/FO_2-768x280.jpeg 768w\" sizes=\"auto, (max-width: 1040px) 100vw, 1040px\" \/><div class=\"wp-block-cover__inner-container is-layout-constrained wp-block-cover-is-layout-constrained\">\n<p class=\"has-text-align-center has-large-font-size\"><\/p>\n<\/div><\/div>\n\n\n\n<h1 class=\"wp-block-heading alignwide has-text-align-center\">La Fresque Oc\u00e9ane<\/h1>\n\n\n\n<div class=\"wp-block-columns is-layout-flex wp-container-core-columns-is-layout-1 wp-block-columns-is-layout-flex\">\n<div class=\"wp-block-column is-layout-flow wp-block-column-is-layout-flow\"><\/div>\n\n\n\n<div class=\"wp-block-column is-layout-flow wp-block-column-is-layout-flow\"><\/div>\n<\/div>\n\n\n\n<p>Pollution, surp\u00eache, changement climatique, transport maritime\u2026 L\u2019Oc\u00e9an est menac\u00e9 par nos activit\u00e9s alors qu\u2019il est au c\u0153ur de la transition \u00e9cologique et des solutions de demain. Il est urgent de mieux le comprendre pour le pr\u00e9server \u00e0 toutes les \u00e9chelles. Nous avons TOUTES et TOUS un r\u00f4le \u00e0 jouer !<\/p>\n\n\n\n<p class=\"has-text-align-left\"><strong>#FORMATION #RSE #ENJEUX ENVIRONNEMENTAUX #TRANSITION ECOLOGIQUE<\/strong>. Savoir ; Savoir-Agir ; P\u00e9dagogie Active et Coop\u00e9rative.<\/p>\n\n\n\n<p class=\"has-text-align-left\"><strong>Th\u00e8mes abord\u00e9s :<\/strong> #Oc\u00e9an #Biodiversit\u00e9 #Services Ecosyst\u00e9miques #ODD #P\u00eache #Pollution #Industries Maritimes #Changement Climatique<\/p>\n\n\n\n<div class=\"wp-block-columns alignwide is-layout-flex wp-container-core-columns-is-layout-3 wp-block-columns-is-layout-flex\">\n<div class=\"wp-block-column is-layout-flow wp-block-column-is-layout-flow\" style=\"flex-basis:66.66%\">\n<h2 class=\"wp-block-heading\">Objectif<\/h2>\n\n\n\n<div class=\"wp-block-columns is-layout-flex wp-container-core-columns-is-layout-2 wp-block-columns-is-layout-flex\">\n<div class=\"wp-block-column is-layout-flow wp-block-column-is-layout-flow\">\n<div id=\"wp-block-themeisle-blocks-icon-list-885e44f1\" class=\"wp-block-themeisle-blocks-icon-list\">\n<div id=\"wp-block-themeisle-blocks-icon-list-item-29e7d6ed\" class=\"wp-block-themeisle-blocks-icon-list-item\"><i class=\"fas fa-check wp-block-themeisle-blocks-icon-list-item-icon\"><\/i><p class=\"wp-block-themeisle-blocks-icon-list-item-content\">Cr\u00e9er en groupe une vue syst\u00e9mique des enjeux environnementaux li\u00e9s \u00e0 l\u2019oc\u00e9an.<\/p><\/div>\n\n\n\n<div id=\"wp-block-themeisle-blocks-icon-list-item-6aa51746\" class=\"wp-block-themeisle-blocks-icon-list-item\"><i class=\"fas fa-check wp-block-themeisle-blocks-icon-list-item-icon\"><\/i><p class=\"wp-block-themeisle-blocks-icon-list-item-content\">Permettre aux individus et aux organisations de s\u2019approprier le d\u00e9fi des enjeux environnementaux globaux.<\/p><\/div>\n<\/div>\n<\/div>\n\n\n\n<div class=\"wp-block-column is-layout-flow wp-block-column-is-layout-flow\">\n<div id=\"wp-block-themeisle-blocks-icon-list-2965f98d\" class=\"wp-block-themeisle-blocks-icon-list\">\n<div id=\"wp-block-themeisle-blocks-icon-list-item-89f9404b\" class=\"wp-block-themeisle-blocks-icon-list-item\"><i class=\"fas fa-check wp-block-themeisle-blocks-icon-list-item-icon\"><\/i><p class=\"wp-block-themeisle-blocks-icon-list-item-content\">Apporter des pistes d\u2019actions et leurs impacts.<\/p><\/div>\n\n\n\n<div id=\"wp-block-themeisle-blocks-icon-list-item-0c537cbc\" class=\"wp-block-themeisle-blocks-icon-list-item\"><i class=\"fas fa-check wp-block-themeisle-blocks-icon-list-item-icon\"><\/i><p class=\"wp-block-themeisle-blocks-icon-list-item-content\">Faire r\u00e9fl\u00e9chir et construire en commun des solutions pour pr\u00e9server cette ressource dans son organisation et individuellement.<\/p><\/div>\n<\/div>\n<\/div>\n<\/div>\n\n\n\n<h2 class=\"wp-block-heading\">Plaquette formation<\/h2>\n\n\n\n<div class=\"wp-block-group is-nowrap is-layout-flex wp-container-core-group-is-layout-2 wp-block-group-is-layout-flex\">\n<div id=\"wp-block-themeisle-blocks-font-awesome-icons-6d3acf15\" class=\"wp-block-themeisle-blocks-font-awesome-icons\"><span class=\"wp-block-themeisle-blocks-font-awesome-icons-container\"><i class=\"far fa-file\"><\/i><\/span><\/div>\n\n\n\n<div class=\"wp-block-group has-large-font-size is-vertical is-layout-flex wp-container-core-group-is-layout-1 wp-block-group-is-layout-flex\">\n<p class=\"has-large-font-size\"><a href=\"https:\/\/seastemic.com\/wp-content\/uploads\/2023\/09\/Plaquette_Presentation_Seastemic_EricCros_132.pdf\">T\u00e9l\u00e9<\/a><a href=\"https:\/\/seastemic.com\/wp-content\/uploads\/2025\/01\/ODS-Seastemic_Fiche-Formation_FresqueOceane-2.pdf\" target=\"_blank\" rel=\"noreferrer noopener\">charger le PDF<\/a><\/p>\n<\/div>\n<\/div>\n\n\n\n<h2 class=\"wp-block-heading\">D\u00e9roulement de la formation<\/h2>\n\n\n\n<p><strong>01 \/ Module 1 : Compr\u00e9hension<\/strong><\/p>\n\n\n\n<ul class=\"wp-block-list\">\n<li>Avec plus de 100 cartes et 6 th\u00e9matiques vous d\u00e9couvrirez ou approfondirez vos connaissances sur :\n<ul class=\"wp-block-list\">\n<li>La biodiversit\u00e9 marine<\/li>\n\n\n\n<li>Les services \u00e9cosyst\u00e9miques<\/li>\n\n\n\n<li>La p\u00eache<\/li>\n\n\n\n<li>La pollution<\/li>\n\n\n\n<li>Le changement climatique<\/li>\n\n\n\n<li>Les industries maritimes<\/li>\n<\/ul>\n<\/li>\n<\/ul>\n\n\n\n<p><strong>02 \/ Module 2 : Cr\u00e9ativit\u00e9 &amp; Appropriation du contenu<\/strong><\/p>\n\n\n\n<ul class=\"wp-block-list\">\n<li>Personnalisation et d\u00e9coration de la fresque par chacun des participants ; Recherche collective d\u2019un titre.<\/li>\n<\/ul>\n\n\n\n<p><strong>03 \/ Module 3 : Action<\/strong><\/p>\n\n\n\n<ul class=\"wp-block-list\">\n<li>Production d\u2019id\u00e9es et d\u2019actions \u00e0 mettre en \u0153uvre pour diminuer les impacts professionnel ou personnel sur l\u2019environnement.<\/li>\n\n\n\n<li>Confrontations des productions sur leur facilit\u00e9 de mise en oeuvre, leur port\u00e9e et leurs b\u00e9n\u00e9fices.<\/li>\n<\/ul>\n\n\n\n<div class=\"wp-block-buttons is-content-justification-center is-layout-flex wp-container-core-buttons-is-layout-1 wp-block-buttons-is-layout-flex\">\n<div class=\"wp-block-button has-custom-width wp-block-button__width-100 is-style-secondary\"><a class=\"wp-block-button__link wp-element-button\" href=\"https:\/\/seastemic.com\/index.php\/contact\/\" target=\"_blank\" rel=\"noreferrer noopener\">NOUS CONTACTER<\/a><\/div>\n<\/div>\n<\/div>\n\n\n\n<div class=\"wp-block-column is-vertically-aligned-top is-layout-flow wp-block-column-is-layout-flow\" style=\"flex-basis:33.33%\">\n<div class=\"wp-block-cover\" style=\"margin-top:0;padding-top:48px;padding-right:48px;padding-bottom:48px;padding-left:48px;min-height:880px;aspect-ratio:unset;\"><span aria-hidden=\"true\" class=\"wp-block-cover__background has-nv-c-1-background-color has-background-dim-100 has-background-dim\"><\/span><img loading=\"lazy\" decoding=\"async\" width=\"100\" height=\"100\" class=\"wp-block-cover__image-background wp-image-1197\" alt=\"\" src=\"https:\/\/seastemic.com\/wp-content\/uploads\/2023\/06\/chapeau-2-100x100-1.png\" data-object-fit=\"cover\"\/><div class=\"wp-block-cover__inner-container is-layout-flow wp-block-cover-is-layout-flow\">\n<h2 class=\"wp-block-heading has-text-align-center has-white-color has-text-color\">Informations<\/h2>\n\n\n\n<div class=\"wp-block-group is-content-justification-left is-nowrap is-layout-flex wp-container-core-group-is-layout-3 wp-block-group-is-layout-flex\">\n<div id=\"wp-block-themeisle-blocks-font-awesome-icons-16348fa9\" class=\"wp-block-themeisle-blocks-font-awesome-icons\"><span class=\"wp-block-themeisle-blocks-font-awesome-icons-container\"><i class=\"fas fa-people-arrows\"><\/i><\/span><\/div>\n\n\n\n<p>Tout Public &#8211; 14 Participants<\/p>\n<\/div>\n\n\n\n<div class=\"wp-block-group is-content-justification-left is-nowrap is-layout-flex wp-container-core-group-is-layout-4 wp-block-group-is-layout-flex\">\n<div id=\"wp-block-themeisle-blocks-font-awesome-icons-20f67bef\" class=\"wp-block-themeisle-blocks-font-awesome-icons\"><span class=\"wp-block-themeisle-blocks-font-awesome-icons-container\"><i class=\"far fa-clock\"><\/i><\/span><\/div>\n\n\n\n<p class=\"has-text-align-left\">3,5 Heures<\/p>\n<\/div>\n\n\n\n<div class=\"wp-block-group is-content-justification-left is-nowrap is-layout-flex wp-container-core-group-is-layout-5 wp-block-group-is-layout-flex\">\n<div id=\"wp-block-themeisle-blocks-font-awesome-icons-1d5d441a\" class=\"wp-block-themeisle-blocks-font-awesome-icons\"><span class=\"wp-block-themeisle-blocks-font-awesome-icons-container\"><i class=\"fas fa-euro-sign\"><\/i><\/span><\/div>\n\n\n\n<p><strong>T A R I F<\/strong><br><strong><em>INTER<\/em><\/strong> 165 \u20ac HT \/ Stagiaire<br><strong><em>INTRA<\/em><\/strong> 1500 \u20ac HT ; 14 participant<\/p>\n<\/div>\n\n\n\n<div class=\"wp-block-group is-content-justification-left is-nowrap is-layout-flex wp-container-core-group-is-layout-6 wp-block-group-is-layout-flex\">\n<div id=\"wp-block-themeisle-blocks-font-awesome-icons-55b0f498\" class=\"wp-block-themeisle-blocks-font-awesome-icons\"><span class=\"wp-block-themeisle-blocks-font-awesome-icons-container\"><i class=\"far fa-calendar-check\"><\/i><\/span><\/div>\n\n\n\n<p>Date session : sur demande<\/p>\n<\/div>\n\n\n\n<div class=\"wp-block-group is-content-justification-left is-nowrap is-layout-flex wp-container-core-group-is-layout-7 wp-block-group-is-layout-flex\">\n<div id=\"wp-block-themeisle-blocks-font-awesome-icons-b7290335\" class=\"wp-block-themeisle-blocks-font-awesome-icons\"><span class=\"wp-block-themeisle-blocks-font-awesome-icons-container\"><i class=\"fas fa-map-marker-alt\"><\/i><\/span><\/div>\n\n\n\n<p>Atelier en pr\u00e9sentiel de 3h30 \u2013 Classe virtuelle de 3h30 sur Zoom avec Mural comme outil de tableau interactif<\/p>\n<\/div>\n\n\n\n<div class=\"wp-block-group is-content-justification-left is-nowrap is-layout-flex wp-container-core-group-is-layout-8 wp-block-group-is-layout-flex\">\n<div id=\"wp-block-themeisle-blocks-font-awesome-icons-d24b2390\" class=\"wp-block-themeisle-blocks-font-awesome-icons\"><span class=\"wp-block-themeisle-blocks-font-awesome-icons-container\"><i class=\"fas fa-user-graduate\"><\/i><\/span><\/div>\n\n\n\n<p>Animateurs officiels exp\u00e9riment\u00e9s<\/p>\n<\/div>\n<\/div><\/div>\n\n\n\n<div class=\"wp-block-cover\" style=\"min-height:127px;aspect-ratio:unset;\"><span aria-hidden=\"true\" class=\"wp-block-cover__background has-nv-light-bg-background-color has-background-dim-100 has-background-dim\"><\/span><div class=\"wp-block-cover__inner-container is-layout-constrained wp-block-cover-is-layout-constrained\">\n<h3 class=\"wp-block-heading\">Pr\u00e9-Requis<\/h3>\n\n\n\n<p class=\"has-text-align-left has-large-font-size\">Aucun<\/p>\n<\/div><\/div>\n\n\n\n<div class=\"wp-block-cover\" style=\"min-height:419px;aspect-ratio:unset;\"><span aria-hidden=\"true\" class=\"wp-block-cover__background has-nv-light-bg-background-color has-background-dim-100 has-background-dim\"><\/span><div class=\"wp-block-cover__inner-container is-layout-constrained wp-block-cover-is-layout-constrained\">\n<h3 class=\"wp-block-heading\">Les +<\/h3>\n\n\n\n<ul class=\"wp-block-list\">\n<li>Mise en \u0153uvre de l\u2018intelligence collective et des m\u00e9canismes de collaboration <\/li>\n\n\n\n<li>Appel \u00e0 la cr\u00e9ativit\u00e9 des participants <\/li>\n\n\n\n<li>Prise en compte du ressenti des participants et discussions <\/li>\n\n\n\n<li>Ouvertures et d\u00e9bats facilit\u00e9s par l\u2019animateur <\/li>\n\n\n\n<li>Contextualisation au plus proche de la politique d\u2019entreprise<\/li>\n<\/ul>\n<\/div><\/div>\n\n\n\n<div class=\"wp-block-cover\" style=\"min-height:320px;aspect-ratio:unset;\"><span aria-hidden=\"true\" class=\"wp-block-cover__background has-nv-light-bg-background-color has-background-dim-100 has-background-dim\"><\/span><div class=\"wp-block-cover__inner-container is-layout-constrained wp-block-cover-is-layout-constrained\">\n<h3 class=\"wp-block-heading\">Evaluation<\/h3>\n\n\n\n<p>Questionnaire \u00e0 choix multiples asynchrones avec correction<\/p>\n\n\n\n<p>Questionnaire \u00e0 choix multiples synchrones et interactifs avec correction par l\u2019animateur ou auto-corrections par les participants<\/p>\n<\/div><\/div>\n<\/div>\n<\/div>\n","protected":false},"excerpt":{"rendered":"<p>La Fresque Oc\u00e9ane Pollution, surp\u00eache, changement climatique, transport maritime\u2026 L\u2019Oc\u00e9an est menac\u00e9 par nos activit\u00e9s alors qu\u2019il est au c\u0153ur de la transition \u00e9cologique et des solutions de demain. Il est urgent de mieux le comprendre pour le pr\u00e9server \u00e0 toutes les \u00e9chelles. Nous avons TOUTES et TOUS un r\u00f4le \u00e0 jouer ! #FORMATION #RSE&hellip;&nbsp;<a href=\"https:\/\/seastemic.com\/index.php\/former\/programme-fresque-oceane\/\" class=\"\" rel=\"bookmark\">Lire la suite &raquo;<span class=\"screen-reader-text\">Programme Fresque Oc\u00e9ane<\/span><\/a><\/p>\n","protected":false},"author":1,"featured_media":0,"parent":1382,"menu_order":0,"comment_status":"closed","ping_status":"closed","template":"","meta":{"neve_meta_sidebar":"","neve_meta_container":"","neve_meta_enable_content_width":"","neve_meta_content_width":0,"neve_meta_title_alignment":"","neve_meta_author_avatar":"","neve_post_elements_order":"","neve_meta_disable_header":"","neve_meta_disable_footer":"","neve_meta_disable_title":"on","_themeisle_gutenberg_block_has_review":false,"footnotes":""},"class_list":["post-2687","page","type-page","status-publish","hentry"],"yoast_head":"<!-- This site is optimized with the Yoast SEO plugin v24.4 - https:\/\/yoast.com\/wordpress\/plugins\/seo\/ -->\n<title>Programme Fresque Oc\u00e9ane - Seastemic<\/title>\n<meta name=\"description\" content=\"Formation pour comprendre les impacts sur l&#039;Oc\u00e9an (Climat, Pollution, Industrie, P\u00eache) et les actions possibles pour le pr\u00e9server.\" \/>\n<meta name=\"robots\" content=\"index, follow, max-snippet:-1, max-image-preview:large, max-video-preview:-1\" \/>\n<link rel=\"canonical\" href=\"https:\/\/seastemic.com\/index.php\/former\/programme-fresque-oceane\/\" \/>\n<meta property=\"og:locale\" content=\"fr_FR\" \/>\n<meta property=\"og:type\" content=\"article\" \/>\n<meta property=\"og:title\" content=\"Programme Fresque Oc\u00e9ane - Seastemic\" \/>\n<meta property=\"og:description\" content=\"Formation pour comprendre les impacts sur l&#039;Oc\u00e9an (Climat, Pollution, Industrie, P\u00eache) et les actions possibles pour le pr\u00e9server.\" \/>\n<meta property=\"og:url\" content=\"https:\/\/seastemic.com\/index.php\/former\/programme-fresque-oceane\/\" \/>\n<meta property=\"og:site_name\" content=\"Seastemic\" \/>\n<meta property=\"article:modified_time\" content=\"2025-02-13T08:00:33+00:00\" \/>\n<meta property=\"og:image\" content=\"https:\/\/seastemic.com\/wp-content\/uploads\/2022\/02\/FO_2.jpeg\" \/>\n\t<meta property=\"og:image:width\" content=\"1040\" \/>\n\t<meta property=\"og:image:height\" content=\"379\" \/>\n\t<meta property=\"og:image:type\" content=\"image\/jpeg\" \/>\n<meta name=\"twitter:card\" content=\"summary_large_image\" \/>\n<meta name=\"twitter:label1\" content=\"Dur\u00e9e de lecture estim\u00e9e\" \/>\n\t<meta name=\"twitter:data1\" content=\"3 minutes\" \/>\n<script type=\"application\/ld+json\" class=\"yoast-schema-graph\">{\"@context\":\"https:\/\/schema.org\",\"@graph\":[{\"@type\":\"WebPage\",\"@id\":\"https:\/\/seastemic.com\/index.php\/former\/programme-fresque-oceane\/\",\"url\":\"https:\/\/seastemic.com\/index.php\/former\/programme-fresque-oceane\/\",\"name\":\"Programme Fresque Oc\u00e9ane - Seastemic\",\"isPartOf\":{\"@id\":\"https:\/\/seastemic.com\/#website\"},\"primaryImageOfPage\":{\"@id\":\"https:\/\/seastemic.com\/index.php\/former\/programme-fresque-oceane\/#primaryimage\"},\"image\":{\"@id\":\"https:\/\/seastemic.com\/index.php\/former\/programme-fresque-oceane\/#primaryimage\"},\"thumbnailUrl\":\"https:\/\/seastemic.com\/wp-content\/uploads\/2022\/02\/FO_2.jpeg\",\"datePublished\":\"2025-01-24T10:49:58+00:00\",\"dateModified\":\"2025-02-13T08:00:33+00:00\",\"description\":\"Formation pour comprendre les impacts sur l'Oc\u00e9an (Climat, Pollution, Industrie, P\u00eache) et les actions possibles pour le pr\u00e9server.\",\"breadcrumb\":{\"@id\":\"https:\/\/seastemic.com\/index.php\/former\/programme-fresque-oceane\/#breadcrumb\"},\"inLanguage\":\"fr-FR\",\"potentialAction\":[{\"@type\":\"ReadAction\",\"target\":[\"https:\/\/seastemic.com\/index.php\/former\/programme-fresque-oceane\/\"]}]},{\"@type\":\"ImageObject\",\"inLanguage\":\"fr-FR\",\"@id\":\"https:\/\/seastemic.com\/index.php\/former\/programme-fresque-oceane\/#primaryimage\",\"url\":\"https:\/\/seastemic.com\/wp-content\/uploads\/2022\/02\/FO_2.jpeg\",\"contentUrl\":\"https:\/\/seastemic.com\/wp-content\/uploads\/2022\/02\/FO_2.jpeg\",\"width\":1040,\"height\":379},{\"@type\":\"BreadcrumbList\",\"@id\":\"https:\/\/seastemic.com\/index.php\/former\/programme-fresque-oceane\/#breadcrumb\",\"itemListElement\":[{\"@type\":\"ListItem\",\"position\":1,\"name\":\"Accueil\",\"item\":\"https:\/\/seastemic.com\/\"},{\"@type\":\"ListItem\",\"position\":2,\"name\":\"FORMER\",\"item\":\"https:\/\/seastemic.com\/index.php\/former\/\"},{\"@type\":\"ListItem\",\"position\":3,\"name\":\"Programme Fresque Oc\u00e9ane\"}]},{\"@type\":\"WebSite\",\"@id\":\"https:\/\/seastemic.com\/#website\",\"url\":\"https:\/\/seastemic.com\/\",\"name\":\"Seastemic\",\"description\":\"Inspirer, Former, Transformer\",\"publisher\":{\"@id\":\"https:\/\/seastemic.com\/#organization\"},\"potentialAction\":[{\"@type\":\"SearchAction\",\"target\":{\"@type\":\"EntryPoint\",\"urlTemplate\":\"https:\/\/seastemic.com\/?s={search_term_string}\"},\"query-input\":{\"@type\":\"PropertyValueSpecification\",\"valueRequired\":true,\"valueName\":\"search_term_string\"}}],\"inLanguage\":\"fr-FR\"},{\"@type\":\"Organization\",\"@id\":\"https:\/\/seastemic.com\/#organization\",\"name\":\"Seastemic\",\"url\":\"https:\/\/seastemic.com\/\",\"logo\":{\"@type\":\"ImageObject\",\"inLanguage\":\"fr-FR\",\"@id\":\"https:\/\/seastemic.com\/#\/schema\/logo\/image\/\",\"url\":\"https:\/\/seastemic.com\/wp-content\/uploads\/2023\/06\/cropped-cropped-icone_seastemic.png\",\"contentUrl\":\"https:\/\/seastemic.com\/wp-content\/uploads\/2023\/06\/cropped-cropped-icone_seastemic.png\",\"width\":\"512\",\"height\":\"512\",\"caption\":\"Seastemic\"},\"image\":{\"@id\":\"https:\/\/seastemic.com\/#\/schema\/logo\/image\/\"},\"sameAs\":[\"https:\/\/www.linkedin.com\/company\/seastemic31\"]}]}<\/script>\n<!-- \/ Yoast SEO plugin. -->","yoast_head_json":{"title":"Programme Fresque Oc\u00e9ane - Seastemic","description":"Formation pour comprendre les impacts sur l'Oc\u00e9an (Climat, Pollution, Industrie, P\u00eache) et les actions possibles pour le pr\u00e9server.","robots":{"index":"index","follow":"follow","max-snippet":"max-snippet:-1","max-image-preview":"max-image-preview:large","max-video-preview":"max-video-preview:-1"},"canonical":"https:\/\/seastemic.com\/index.php\/former\/programme-fresque-oceane\/","og_locale":"fr_FR","og_type":"article","og_title":"Programme Fresque Oc\u00e9ane - Seastemic","og_description":"Formation pour comprendre les impacts sur l'Oc\u00e9an (Climat, Pollution, Industrie, P\u00eache) et les actions possibles pour le pr\u00e9server.","og_url":"https:\/\/seastemic.com\/index.php\/former\/programme-fresque-oceane\/","og_site_name":"Seastemic","article_modified_time":"2025-02-13T08:00:33+00:00","og_image":[{"width":1040,"height":379,"url":"https:\/\/seastemic.com\/wp-content\/uploads\/2022\/02\/FO_2.jpeg","type":"image\/jpeg"}],"twitter_card":"summary_large_image","twitter_misc":{"Dur\u00e9e de lecture estim\u00e9e":"3 minutes"},"schema":{"@context":"https:\/\/schema.org","@graph":[{"@type":"WebPage","@id":"https:\/\/seastemic.com\/index.php\/former\/programme-fresque-oceane\/","url":"https:\/\/seastemic.com\/index.php\/former\/programme-fresque-oceane\/","name":"Programme Fresque Oc\u00e9ane - Seastemic","isPartOf":{"@id":"https:\/\/seastemic.com\/#website"},"primaryImageOfPage":{"@id":"https:\/\/seastemic.com\/index.php\/former\/programme-fresque-oceane\/#primaryimage"},"image":{"@id":"https:\/\/seastemic.com\/index.php\/former\/programme-fresque-oceane\/#primaryimage"},"thumbnailUrl":"https:\/\/seastemic.com\/wp-content\/uploads\/2022\/02\/FO_2.jpeg","datePublished":"2025-01-24T10:49:58+00:00","dateModified":"2025-02-13T08:00:33+00:00","description":"Formation pour comprendre les impacts sur l'Oc\u00e9an (Climat, Pollution, Industrie, P\u00eache) et les actions possibles pour le pr\u00e9server.","breadcrumb":{"@id":"https:\/\/seastemic.com\/index.php\/former\/programme-fresque-oceane\/#breadcrumb"},"inLanguage":"fr-FR","potentialAction":[{"@type":"ReadAction","target":["https:\/\/seastemic.com\/index.php\/former\/programme-fresque-oceane\/"]}]},{"@type":"ImageObject","inLanguage":"fr-FR","@id":"https:\/\/seastemic.com\/index.php\/former\/programme-fresque-oceane\/#primaryimage","url":"https:\/\/seastemic.com\/wp-content\/uploads\/2022\/02\/FO_2.jpeg","contentUrl":"https:\/\/seastemic.com\/wp-content\/uploads\/2022\/02\/FO_2.jpeg","width":1040,"height":379},{"@type":"BreadcrumbList","@id":"https:\/\/seastemic.com\/index.php\/former\/programme-fresque-oceane\/#breadcrumb","itemListElement":[{"@type":"ListItem","position":1,"name":"Accueil","item":"https:\/\/seastemic.com\/"},{"@type":"ListItem","position":2,"name":"FORMER","item":"https:\/\/seastemic.com\/index.php\/former\/"},{"@type":"ListItem","position":3,"name":"Programme Fresque Oc\u00e9ane"}]},{"@type":"WebSite","@id":"https:\/\/seastemic.com\/#website","url":"https:\/\/seastemic.com\/","name":"Seastemic","description":"Inspirer, Former, Transformer","publisher":{"@id":"https:\/\/seastemic.com\/#organization"},"potentialAction":[{"@type":"SearchAction","target":{"@type":"EntryPoint","urlTemplate":"https:\/\/seastemic.com\/?s={search_term_string}"},"query-input":{"@type":"PropertyValueSpecification","valueRequired":true,"valueName":"search_term_string"}}],"inLanguage":"fr-FR"},{"@type":"Organization","@id":"https:\/\/seastemic.com\/#organization","name":"Seastemic","url":"https:\/\/seastemic.com\/","logo":{"@type":"ImageObject","inLanguage":"fr-FR","@id":"https:\/\/seastemic.com\/#\/schema\/logo\/image\/","url":"https:\/\/seastemic.com\/wp-content\/uploads\/2023\/06\/cropped-cropped-icone_seastemic.png","contentUrl":"https:\/\/seastemic.com\/wp-content\/uploads\/2023\/06\/cropped-cropped-icone_seastemic.png","width":"512","height":"512","caption":"Seastemic"},"image":{"@id":"https:\/\/seastemic.com\/#\/schema\/logo\/image\/"},"sameAs":["https:\/\/www.linkedin.com\/company\/seastemic31"]}]}},"_links":{"self":[{"href":"https:\/\/seastemic.com\/index.php\/wp-json\/wp\/v2\/pages\/2687","targetHints":{"allow":["GET"]}}],"collection":[{"href":"https:\/\/seastemic.com\/index.php\/wp-json\/wp\/v2\/pages"}],"about":[{"href":"https:\/\/seastemic.com\/index.php\/wp-json\/wp\/v2\/types\/page"}],"author":[{"embeddable":true,"href":"https:\/\/seastemic.com\/index.php\/wp-json\/wp\/v2\/users\/1"}],"replies":[{"embeddable":true,"href":"https:\/\/seastemic.com\/index.php\/wp-json\/wp\/v2\/comments?post=2687"}],"version-history":[{"count":15,"href":"https:\/\/seastemic.com\/index.php\/wp-json\/wp\/v2\/pages\/2687\/revisions"}],"predecessor-version":[{"id":3222,"href":"https:\/\/seastemic.com\/index.php\/wp-json\/wp\/v2\/pages\/2687\/revisions\/3222"}],"up":[{"embeddable":true,"href":"https:\/\/seastemic.com\/index.php\/wp-json\/wp\/v2\/pages\/1382"}],"wp:attachment":[{"href":"https:\/\/seastemic.com\/index.php\/wp-json\/wp\/v2\/media?parent=2687"}],"curies":[{"name":"wp","href":"https:\/\/api.w.org\/{rel}","templated":true}]}}