{"id":2291,"date":"2023-09-02T10:59:54","date_gmt":"2023-09-02T08:59:54","guid":{"rendered":"http:\/\/seastemic.fr\/?page_id=2291"},"modified":"2025-02-13T08:57:57","modified_gmt":"2025-02-13T07:57:57","slug":"fdn-programme","status":"publish","type":"page","link":"https:\/\/seastemic.com\/index.php\/former\/fdn-programme\/","title":{"rendered":"Programme Fresque Num\u00e9rique"},"content":{"rendered":"<div class=\"yoast-breadcrumbs\"><span><span><a href=\"https:\/\/seastemic.com\/\">Accueil<\/a><\/span> \u00bb <span><a href=\"https:\/\/seastemic.com\/index.php\/former\/\">FORMER<\/a><\/span> \u00bb <span class=\"breadcrumb_last\" aria-current=\"page\">Programme Fresque Num\u00e9rique<\/span><\/span><\/div>\n\n\n<h2 class=\"wp-block-heading alignfull has-text-align-center\">Fresque du num\u00e9rique<\/h2>\n\n\n\n<p class=\"has-text-align-left\">La Fresque du Num\u00e9rique est une action de sensibilisation adaptable et pertinente. Cet atelier permet de diffuser largement la compr\u00e9hension des enjeux soci\u00e9taux &amp; climatiques li\u00e9s aux activit\u00e9s num\u00e9riques du quotidien et de son monde professionnel. Un outil qui s\u2019inscrit parfaitement dans le cadre d&rsquo;une conduite de changement n\u00e9cessaire \u00e0 un contexte de transition et de transformation des m\u00e9tiers. Une formation qui explique dans les grandes lignes les actions \u00e0 mettre en place pour \u00e9voluer vers un num\u00e9rique plus durable et qui ouvre des discussions entre les participants sur le sujet du num\u00e9rique responsable.<\/p>\n\n\n\n<div class=\"wp-block-columns alignwide is-layout-flex wp-container-core-columns-is-layout-2 wp-block-columns-is-layout-flex\">\n<div class=\"wp-block-column is-layout-flow wp-block-column-is-layout-flow\" style=\"flex-basis:66.66%\">\n<h3 class=\"wp-block-heading\">Objectif<\/h3>\n\n\n\n<p>A l\u2019issue de la formation, le participant sera capable de :<\/p>\n\n\n\n<div class=\"wp-block-columns is-layout-flex wp-container-core-columns-is-layout-1 wp-block-columns-is-layout-flex\">\n<div class=\"wp-block-column is-layout-flow wp-block-column-is-layout-flow\">\n<div id=\"wp-block-themeisle-blocks-icon-list-885e44f1\" class=\"wp-block-themeisle-blocks-icon-list\">\n<div id=\"wp-block-themeisle-blocks-icon-list-item-29e7d6ed\" class=\"wp-block-themeisle-blocks-icon-list-item\"><i class=\"fas fa-check wp-block-themeisle-blocks-icon-list-item-icon\"><\/i><p class=\"wp-block-themeisle-blocks-icon-list-item-content\">Comprendre et identifier les diff\u00e9rents impacts du monde num\u00e9rique<\/p><\/div>\n\n\n\n<div id=\"wp-block-themeisle-blocks-icon-list-item-6aa51746\" class=\"wp-block-themeisle-blocks-icon-list-item\"><i class=\"fas fa-check wp-block-themeisle-blocks-icon-list-item-icon\"><\/i><p class=\"wp-block-themeisle-blocks-icon-list-item-content\">Cerner les diff\u00e9rentes causes des impacts g\u00e9n\u00e9r\u00e9s<\/p><\/div>\n<\/div>\n<\/div>\n\n\n\n<div class=\"wp-block-column is-layout-flow wp-block-column-is-layout-flow\">\n<div id=\"wp-block-themeisle-blocks-icon-list-2965f98d\" class=\"wp-block-themeisle-blocks-icon-list\">\n<div id=\"wp-block-themeisle-blocks-icon-list-item-89f9404b\" class=\"wp-block-themeisle-blocks-icon-list-item\"><i class=\"fas fa-check wp-block-themeisle-blocks-icon-list-item-icon\"><\/i><p class=\"wp-block-themeisle-blocks-icon-list-item-content\">Comprendre et identifier les diff\u00e9rents impacts du monde num\u00e9rique<\/p><\/div>\n\n\n\n<div id=\"wp-block-themeisle-blocks-icon-list-item-0c537cbc\" class=\"wp-block-themeisle-blocks-icon-list-item\"><i class=\"fas fa-check wp-block-themeisle-blocks-icon-list-item-icon\"><\/i><p class=\"wp-block-themeisle-blocks-icon-list-item-content\">Cerner les diff\u00e9rentes causes des impacts g\u00e9n\u00e9r\u00e9s<\/p><\/div>\n<\/div>\n<\/div>\n<\/div>\n\n\n\n<h3 class=\"wp-block-heading\">Plaquette de formation<\/h3>\n\n\n\n<div class=\"wp-block-group is-nowrap is-layout-flex wp-container-core-group-is-layout-2 wp-block-group-is-layout-flex\">\n<div id=\"wp-block-themeisle-blocks-font-awesome-icons-6d3acf15\" class=\"wp-block-themeisle-blocks-font-awesome-icons\"><span class=\"wp-block-themeisle-blocks-font-awesome-icons-container\"><i class=\"far fa-file\"><\/i><\/span><\/div>\n\n\n\n<div class=\"wp-block-group has-medium-font-size is-vertical is-content-justification-center is-layout-flex wp-container-core-group-is-layout-1 wp-block-group-is-layout-flex\">\n<p class=\"has-large-font-size\"><a href=\"https:\/\/seastemic.com\/wp-content\/uploads\/2023\/09\/Plaquette_Presentation_Seastemic_EricCros_132.pdf\">T\u00e9l\u00e9<\/a><a href=\"https:\/\/seastemic.com\/wp-content\/uploads\/2025\/01\/ODS-Seastemic_Fiche-Formation_FresqueNumerique-2.pdf\" target=\"_blank\" rel=\"noreferrer noopener\">charger le PDF<\/a><\/p>\n<\/div>\n<\/div>\n\n\n\n<h3 class=\"wp-block-heading\">D\u00e9roulement de la formation<\/h3>\n\n\n\n<p><strong>01 \/ Module 1 : Compr\u00e9hension<\/strong><\/p>\n\n\n\n<ul class=\"wp-block-list\">\n<li>Construction collective d\u2019une fresque avec le jeu de cartes document\u00e9 par les sources scientifiques reconnues<\/li>\n\n\n\n<li>Animation et facilitation entre les participants<\/li>\n\n\n\n<li>Synth\u00e8se et propositions d\u2019appropriation des connaissances<\/li>\n<\/ul>\n\n\n\n<p><strong>02 \/ Module 2 : Cr\u00e9ativit\u00e9<\/strong><\/p>\n\n\n\n<ul class=\"wp-block-list\">\n<li>Personnalisation et d\u00e9coration de la fresque par chacun des participants<\/li>\n\n\n\n<li>Recherche collective d\u2019un titre<\/li>\n<\/ul>\n\n\n\n<p><strong>03 \/ Module 3 : Restitution<\/strong><\/p>\n\n\n\n<ul class=\"wp-block-list\">\n<li>Expression des stagiaires sur le d\u00e9roul\u00e9 de l\u2019atelier<\/li>\n\n\n\n<li>Partage du ressenti g\u00e9n\u00e9r\u00e9 par les connaissances acquises<\/li>\n\n\n\n<li>Constructions, ouvertures et d\u00e9bats entre les participants<\/li>\n<\/ul>\n\n\n\n<p><strong>04 \/ Module 4 : Action<\/strong><\/p>\n\n\n\n<ul class=\"wp-block-list\">\n<li>S\u00e9lection de th\u00e9matiques de travail en phase avec la politique RSE de l\u2019organisation ou sa d\u00e9marche Num\u00e9rique Responsable<\/li>\n\n\n\n<li>Production d\u2019id\u00e9es et d\u2019actions \u00e0 mettre en \u0153uvre pour diminuer les impacts du quotidien num\u00e9rique professionnel ou personnel<\/li>\n\n\n\n<li>Confrontations des productions sur leur facilit\u00e9 de mise en oeuvre, leur port\u00e9e<br>individuelle ou collective et leurs b\u00e9n\u00e9fices.<\/li>\n\n\n\n<li>Consolidation finale pour choisir un plan d\u2019action collectif<\/li>\n<\/ul>\n\n\n\n<div class=\"wp-block-buttons is-content-justification-center is-layout-flex wp-container-core-buttons-is-layout-1 wp-block-buttons-is-layout-flex\">\n<div class=\"wp-block-button has-custom-width wp-block-button__width-100 is-style-secondary\"><a class=\"wp-block-button__link wp-element-button\" href=\"https:\/\/seastemic.com\/index.php\/contact\/\" target=\"_blank\" rel=\"noreferrer noopener\">NOUS CONTACTER<\/a><\/div>\n<\/div>\n<\/div>\n\n\n\n<div class=\"wp-block-column is-vertically-aligned-top is-layout-flow wp-block-column-is-layout-flow\" style=\"flex-basis:33.33%\">\n<div class=\"wp-block-cover\" style=\"margin-top:0;padding-top:48px;padding-right:48px;padding-bottom:48px;padding-left:48px;min-height:66vh;aspect-ratio:unset;\"><span aria-hidden=\"true\" class=\"wp-block-cover__background has-nv-c-1-background-color has-background-dim-100 has-background-dim\"><\/span><img loading=\"lazy\" decoding=\"async\" width=\"100\" height=\"100\" class=\"wp-block-cover__image-background wp-image-1197\" alt=\"\" src=\"https:\/\/seastemic.com\/wp-content\/uploads\/2023\/06\/chapeau-2-100x100-1.png\" data-object-fit=\"cover\"\/><div class=\"wp-block-cover__inner-container is-layout-flow wp-block-cover-is-layout-flow\">\n<h3 class=\"wp-block-heading has-text-align-center has-white-color has-text-color\">Informations<\/h3>\n\n\n\n<div class=\"wp-block-group is-content-justification-left is-nowrap is-layout-flex wp-container-core-group-is-layout-3 wp-block-group-is-layout-flex\">\n<div id=\"wp-block-themeisle-blocks-font-awesome-icons-16348fa9\" class=\"wp-block-themeisle-blocks-font-awesome-icons\"><span class=\"wp-block-themeisle-blocks-font-awesome-icons-container\"><i class=\"fas fa-people-arrows\"><\/i><\/span><\/div>\n\n\n\n<p>Tout Public &#8211; 14 Participants<\/p>\n<\/div>\n\n\n\n<div class=\"wp-block-group alignwide is-content-justification-center is-nowrap is-layout-flex wp-container-core-group-is-layout-4 wp-block-group-is-layout-flex\">\n<div id=\"wp-block-themeisle-blocks-font-awesome-icons-20f67bef\" class=\"wp-block-themeisle-blocks-font-awesome-icons\"><span class=\"wp-block-themeisle-blocks-font-awesome-icons-container\"><i class=\"far fa-clock\"><\/i><\/span><\/div>\n\n\n\n<p>1\/2 Journ\u00e9e<\/p>\n<\/div>\n\n\n\n<div class=\"wp-block-group is-content-justification-left is-nowrap is-layout-flex wp-container-core-group-is-layout-5 wp-block-group-is-layout-flex\">\n<div id=\"wp-block-themeisle-blocks-font-awesome-icons-1d5d441a\" class=\"wp-block-themeisle-blocks-font-awesome-icons\"><span class=\"wp-block-themeisle-blocks-font-awesome-icons-container\"><i class=\"fas fa-euro-sign\"><\/i><\/span><\/div>\n\n\n\n<p><strong>T A R I F<\/strong><br><strong><em>INTER<\/em><\/strong> 165 \u20ac HT \/ Stagiaire<br><strong><em>INTRA<\/em><\/strong> 1500 \u20ac HT ; 14 participants<\/p>\n<\/div>\n\n\n\n<div class=\"wp-block-group is-content-justification-left is-nowrap is-layout-flex wp-container-core-group-is-layout-6 wp-block-group-is-layout-flex\">\n<div id=\"wp-block-themeisle-blocks-font-awesome-icons-55b0f498\" class=\"wp-block-themeisle-blocks-font-awesome-icons\"><span class=\"wp-block-themeisle-blocks-font-awesome-icons-container\"><i class=\"far fa-calendar-check\"><\/i><\/span><\/div>\n\n\n\n<p>Date session : sur demande<\/p>\n<\/div>\n\n\n\n<div class=\"wp-block-group is-content-justification-left is-nowrap is-layout-flex wp-container-core-group-is-layout-7 wp-block-group-is-layout-flex\">\n<div id=\"wp-block-themeisle-blocks-font-awesome-icons-b7290335\" class=\"wp-block-themeisle-blocks-font-awesome-icons\"><span class=\"wp-block-themeisle-blocks-font-awesome-icons-container\"><i class=\"fas fa-map-marker-alt\"><\/i><\/span><\/div>\n\n\n\n<p>Atelier en pr\u00e9sentiel de 3h30 \u2013 Classe virtuelle de 3h30 sur Zoom avec Mural comme outil de tableau interactif<\/p>\n<\/div>\n<\/div><\/div>\n\n\n\n<div class=\"wp-block-cover\" style=\"min-height:186px;aspect-ratio:unset;\"><span aria-hidden=\"true\" class=\"wp-block-cover__background has-nv-light-bg-background-color has-background-dim-100 has-background-dim\"><\/span><div class=\"wp-block-cover__inner-container is-layout-constrained wp-block-cover-is-layout-constrained\">\n<h4 class=\"wp-block-heading\">Pr\u00e9-Requis<\/h4>\n\n\n\n<p class=\"has-text-align-left has-large-font-size\">Aucun<\/p>\n<\/div><\/div>\n\n\n\n<div class=\"wp-block-cover\"><span aria-hidden=\"true\" class=\"wp-block-cover__background has-nv-light-bg-background-color has-background-dim-100 has-background-dim\"><\/span><div class=\"wp-block-cover__inner-container is-layout-constrained wp-block-cover-is-layout-constrained\">\n<h4 class=\"wp-block-heading\">Les +<\/h4>\n\n\n\n<ul class=\"wp-block-list\">\n<li class=\"has-neve-text-color-color has-text-color has-link-color wp-elements-4481eb5c2891d78ec232fab229b4233c\">Mise en \u0153uvre de l\u2018intelligence collective et des m\u00e9canismes de collaboration <\/li>\n\n\n\n<li class=\"has-neve-text-color-color has-text-color has-link-color wp-elements-0dd7594c2757e5597c321b0e6fbc4142\">Appel \u00e0 la cr\u00e9ativit\u00e9 des participants <\/li>\n\n\n\n<li class=\"has-neve-text-color-color has-text-color has-link-color wp-elements-ad5c41180873edfe897d40d62ac0922d\">Prise en compte du ressenti des participants et discussions <\/li>\n\n\n\n<li class=\"has-neve-text-color-color has-text-color has-link-color wp-elements-e184557666d92eb358293569b1e38326\">Ouvertures et d\u00e9bats facilit\u00e9s par l\u2019animateur <\/li>\n\n\n\n<li class=\"has-neve-text-color-color has-text-color has-link-color wp-elements-63cfc41525cb57cdf4b38b2ee75483ee\">Contextualisation au plus proche de la politique d\u2019entreprise<\/li>\n<\/ul>\n<\/div><\/div>\n\n\n\n<div class=\"wp-block-cover\"><span aria-hidden=\"true\" class=\"wp-block-cover__background has-nv-light-bg-background-color has-background-dim-100 has-background-dim\"><\/span><div class=\"wp-block-cover__inner-container is-layout-constrained wp-block-cover-is-layout-constrained\">\n<h4 class=\"wp-block-heading\">Evaluation<\/h4>\n\n\n\n<p>Questionnaire \u00e0 choix multiples asynchrones avec correction<\/p>\n\n\n\n<p>Questionnaire \u00e0 choix multiples synchrones et interactifs avec correction par l\u2019animateur ou auto-corrections par les participants<\/p>\n<\/div><\/div>\n<\/div>\n<\/div>\n","protected":false},"excerpt":{"rendered":"<p>Fresque du num\u00e9rique La Fresque du Num\u00e9rique est une action de sensibilisation adaptable et pertinente. Cet atelier permet de diffuser largement la compr\u00e9hension des enjeux soci\u00e9taux &amp; climatiques li\u00e9s aux activit\u00e9s num\u00e9riques du quotidien et de son monde professionnel. Un outil qui s\u2019inscrit parfaitement dans le cadre d&rsquo;une conduite de changement n\u00e9cessaire \u00e0 un contexte&hellip;&nbsp;<a href=\"https:\/\/seastemic.com\/index.php\/former\/fdn-programme\/\" class=\"\" rel=\"bookmark\">Lire la suite &raquo;<span class=\"screen-reader-text\">Programme Fresque Num\u00e9rique<\/span><\/a><\/p>\n","protected":false},"author":1,"featured_media":0,"parent":1382,"menu_order":0,"comment_status":"closed","ping_status":"closed","template":"","meta":{"neve_meta_sidebar":"","neve_meta_container":"contained","neve_meta_enable_content_width":"","neve_meta_content_width":0,"neve_meta_title_alignment":"","neve_meta_author_avatar":"","neve_post_elements_order":"","neve_meta_disable_header":"","neve_meta_disable_footer":"","neve_meta_disable_title":"on","_themeisle_gutenberg_block_has_review":false,"footnotes":""},"class_list":["post-2291","page","type-page","status-publish","hentry"],"yoast_head":"<!-- This site is optimized with the Yoast SEO plugin v24.4 - https:\/\/yoast.com\/wordpress\/plugins\/seo\/ -->\n<title>Programme Fresque Num\u00e9rique - Seastemic<\/title>\n<meta name=\"description\" content=\"Formation aux enjeux environnementaux li\u00e9s au secteur du num\u00e9rique. La fresque du num\u00e9rique permet d&#039;impliquer vos collaborateurs dans les solutions.\" \/>\n<meta name=\"robots\" content=\"index, follow, max-snippet:-1, max-image-preview:large, max-video-preview:-1\" \/>\n<link rel=\"canonical\" href=\"https:\/\/seastemic.com\/index.php\/former\/fdn-programme\/\" \/>\n<meta property=\"og:locale\" content=\"fr_FR\" \/>\n<meta property=\"og:type\" content=\"article\" \/>\n<meta property=\"og:title\" content=\"Programme Fresque Num\u00e9rique - Seastemic\" \/>\n<meta property=\"og:description\" content=\"Formation aux enjeux environnementaux li\u00e9s au secteur du num\u00e9rique. La fresque du num\u00e9rique permet d&#039;impliquer vos collaborateurs dans les solutions.\" \/>\n<meta property=\"og:url\" content=\"https:\/\/seastemic.com\/index.php\/former\/fdn-programme\/\" \/>\n<meta property=\"og:site_name\" content=\"Seastemic\" \/>\n<meta property=\"article:modified_time\" content=\"2025-02-13T07:57:57+00:00\" \/>\n<meta property=\"og:image\" content=\"https:\/\/seastemic.com\/wp-content\/uploads\/2023\/06\/chapeau-2-100x100-1.png\" \/>\n\t<meta property=\"og:image:width\" content=\"100\" \/>\n\t<meta property=\"og:image:height\" content=\"100\" \/>\n\t<meta property=\"og:image:type\" content=\"image\/png\" \/>\n<meta name=\"twitter:card\" content=\"summary_large_image\" \/>\n<meta name=\"twitter:label1\" content=\"Dur\u00e9e de lecture estim\u00e9e\" \/>\n\t<meta name=\"twitter:data1\" content=\"3 minutes\" \/>\n<script type=\"application\/ld+json\" class=\"yoast-schema-graph\">{\"@context\":\"https:\/\/schema.org\",\"@graph\":[{\"@type\":\"WebPage\",\"@id\":\"https:\/\/seastemic.com\/index.php\/former\/fdn-programme\/\",\"url\":\"https:\/\/seastemic.com\/index.php\/former\/fdn-programme\/\",\"name\":\"Programme Fresque Num\u00e9rique - Seastemic\",\"isPartOf\":{\"@id\":\"https:\/\/seastemic.com\/#website\"},\"primaryImageOfPage\":{\"@id\":\"https:\/\/seastemic.com\/index.php\/former\/fdn-programme\/#primaryimage\"},\"image\":{\"@id\":\"https:\/\/seastemic.com\/index.php\/former\/fdn-programme\/#primaryimage\"},\"thumbnailUrl\":\"https:\/\/seastemic.com\/wp-content\/uploads\/2023\/06\/chapeau-2-100x100-1.png\",\"datePublished\":\"2023-09-02T08:59:54+00:00\",\"dateModified\":\"2025-02-13T07:57:57+00:00\",\"description\":\"Formation aux enjeux environnementaux li\u00e9s au secteur du num\u00e9rique. La fresque du num\u00e9rique permet d'impliquer vos collaborateurs dans les solutions.\",\"breadcrumb\":{\"@id\":\"https:\/\/seastemic.com\/index.php\/former\/fdn-programme\/#breadcrumb\"},\"inLanguage\":\"fr-FR\",\"potentialAction\":[{\"@type\":\"ReadAction\",\"target\":[\"https:\/\/seastemic.com\/index.php\/former\/fdn-programme\/\"]}]},{\"@type\":\"ImageObject\",\"inLanguage\":\"fr-FR\",\"@id\":\"https:\/\/seastemic.com\/index.php\/former\/fdn-programme\/#primaryimage\",\"url\":\"https:\/\/seastemic.com\/wp-content\/uploads\/2023\/06\/chapeau-2-100x100-1.png\",\"contentUrl\":\"https:\/\/seastemic.com\/wp-content\/uploads\/2023\/06\/chapeau-2-100x100-1.png\",\"width\":100,\"height\":100},{\"@type\":\"BreadcrumbList\",\"@id\":\"https:\/\/seastemic.com\/index.php\/former\/fdn-programme\/#breadcrumb\",\"itemListElement\":[{\"@type\":\"ListItem\",\"position\":1,\"name\":\"Accueil\",\"item\":\"https:\/\/seastemic.com\/\"},{\"@type\":\"ListItem\",\"position\":2,\"name\":\"FORMER\",\"item\":\"https:\/\/seastemic.com\/index.php\/former\/\"},{\"@type\":\"ListItem\",\"position\":3,\"name\":\"Programme Fresque Num\u00e9rique\"}]},{\"@type\":\"WebSite\",\"@id\":\"https:\/\/seastemic.com\/#website\",\"url\":\"https:\/\/seastemic.com\/\",\"name\":\"Seastemic\",\"description\":\"Inspirer, Former, Transformer\",\"publisher\":{\"@id\":\"https:\/\/seastemic.com\/#organization\"},\"potentialAction\":[{\"@type\":\"SearchAction\",\"target\":{\"@type\":\"EntryPoint\",\"urlTemplate\":\"https:\/\/seastemic.com\/?s={search_term_string}\"},\"query-input\":{\"@type\":\"PropertyValueSpecification\",\"valueRequired\":true,\"valueName\":\"search_term_string\"}}],\"inLanguage\":\"fr-FR\"},{\"@type\":\"Organization\",\"@id\":\"https:\/\/seastemic.com\/#organization\",\"name\":\"Seastemic\",\"url\":\"https:\/\/seastemic.com\/\",\"logo\":{\"@type\":\"ImageObject\",\"inLanguage\":\"fr-FR\",\"@id\":\"https:\/\/seastemic.com\/#\/schema\/logo\/image\/\",\"url\":\"https:\/\/seastemic.com\/wp-content\/uploads\/2023\/06\/cropped-cropped-icone_seastemic.png\",\"contentUrl\":\"https:\/\/seastemic.com\/wp-content\/uploads\/2023\/06\/cropped-cropped-icone_seastemic.png\",\"width\":\"512\",\"height\":\"512\",\"caption\":\"Seastemic\"},\"image\":{\"@id\":\"https:\/\/seastemic.com\/#\/schema\/logo\/image\/\"},\"sameAs\":[\"https:\/\/www.linkedin.com\/company\/seastemic31\"]}]}<\/script>\n<!-- \/ Yoast SEO plugin. -->","yoast_head_json":{"title":"Programme Fresque Num\u00e9rique - Seastemic","description":"Formation aux enjeux environnementaux li\u00e9s au secteur du num\u00e9rique. La fresque du num\u00e9rique permet d'impliquer vos collaborateurs dans les solutions.","robots":{"index":"index","follow":"follow","max-snippet":"max-snippet:-1","max-image-preview":"max-image-preview:large","max-video-preview":"max-video-preview:-1"},"canonical":"https:\/\/seastemic.com\/index.php\/former\/fdn-programme\/","og_locale":"fr_FR","og_type":"article","og_title":"Programme Fresque Num\u00e9rique - Seastemic","og_description":"Formation aux enjeux environnementaux li\u00e9s au secteur du num\u00e9rique. La fresque du num\u00e9rique permet d'impliquer vos collaborateurs dans les solutions.","og_url":"https:\/\/seastemic.com\/index.php\/former\/fdn-programme\/","og_site_name":"Seastemic","article_modified_time":"2025-02-13T07:57:57+00:00","og_image":[{"width":100,"height":100,"url":"https:\/\/seastemic.com\/wp-content\/uploads\/2023\/06\/chapeau-2-100x100-1.png","type":"image\/png"}],"twitter_card":"summary_large_image","twitter_misc":{"Dur\u00e9e de lecture estim\u00e9e":"3 minutes"},"schema":{"@context":"https:\/\/schema.org","@graph":[{"@type":"WebPage","@id":"https:\/\/seastemic.com\/index.php\/former\/fdn-programme\/","url":"https:\/\/seastemic.com\/index.php\/former\/fdn-programme\/","name":"Programme Fresque Num\u00e9rique - Seastemic","isPartOf":{"@id":"https:\/\/seastemic.com\/#website"},"primaryImageOfPage":{"@id":"https:\/\/seastemic.com\/index.php\/former\/fdn-programme\/#primaryimage"},"image":{"@id":"https:\/\/seastemic.com\/index.php\/former\/fdn-programme\/#primaryimage"},"thumbnailUrl":"https:\/\/seastemic.com\/wp-content\/uploads\/2023\/06\/chapeau-2-100x100-1.png","datePublished":"2023-09-02T08:59:54+00:00","dateModified":"2025-02-13T07:57:57+00:00","description":"Formation aux enjeux environnementaux li\u00e9s au secteur du num\u00e9rique. La fresque du num\u00e9rique permet d'impliquer vos collaborateurs dans les solutions.","breadcrumb":{"@id":"https:\/\/seastemic.com\/index.php\/former\/fdn-programme\/#breadcrumb"},"inLanguage":"fr-FR","potentialAction":[{"@type":"ReadAction","target":["https:\/\/seastemic.com\/index.php\/former\/fdn-programme\/"]}]},{"@type":"ImageObject","inLanguage":"fr-FR","@id":"https:\/\/seastemic.com\/index.php\/former\/fdn-programme\/#primaryimage","url":"https:\/\/seastemic.com\/wp-content\/uploads\/2023\/06\/chapeau-2-100x100-1.png","contentUrl":"https:\/\/seastemic.com\/wp-content\/uploads\/2023\/06\/chapeau-2-100x100-1.png","width":100,"height":100},{"@type":"BreadcrumbList","@id":"https:\/\/seastemic.com\/index.php\/former\/fdn-programme\/#breadcrumb","itemListElement":[{"@type":"ListItem","position":1,"name":"Accueil","item":"https:\/\/seastemic.com\/"},{"@type":"ListItem","position":2,"name":"FORMER","item":"https:\/\/seastemic.com\/index.php\/former\/"},{"@type":"ListItem","position":3,"name":"Programme Fresque Num\u00e9rique"}]},{"@type":"WebSite","@id":"https:\/\/seastemic.com\/#website","url":"https:\/\/seastemic.com\/","name":"Seastemic","description":"Inspirer, Former, Transformer","publisher":{"@id":"https:\/\/seastemic.com\/#organization"},"potentialAction":[{"@type":"SearchAction","target":{"@type":"EntryPoint","urlTemplate":"https:\/\/seastemic.com\/?s={search_term_string}"},"query-input":{"@type":"PropertyValueSpecification","valueRequired":true,"valueName":"search_term_string"}}],"inLanguage":"fr-FR"},{"@type":"Organization","@id":"https:\/\/seastemic.com\/#organization","name":"Seastemic","url":"https:\/\/seastemic.com\/","logo":{"@type":"ImageObject","inLanguage":"fr-FR","@id":"https:\/\/seastemic.com\/#\/schema\/logo\/image\/","url":"https:\/\/seastemic.com\/wp-content\/uploads\/2023\/06\/cropped-cropped-icone_seastemic.png","contentUrl":"https:\/\/seastemic.com\/wp-content\/uploads\/2023\/06\/cropped-cropped-icone_seastemic.png","width":"512","height":"512","caption":"Seastemic"},"image":{"@id":"https:\/\/seastemic.com\/#\/schema\/logo\/image\/"},"sameAs":["https:\/\/www.linkedin.com\/company\/seastemic31"]}]}},"_links":{"self":[{"href":"https:\/\/seastemic.com\/index.php\/wp-json\/wp\/v2\/pages\/2291","targetHints":{"allow":["GET"]}}],"collection":[{"href":"https:\/\/seastemic.com\/index.php\/wp-json\/wp\/v2\/pages"}],"about":[{"href":"https:\/\/seastemic.com\/index.php\/wp-json\/wp\/v2\/types\/page"}],"author":[{"embeddable":true,"href":"https:\/\/seastemic.com\/index.php\/wp-json\/wp\/v2\/users\/1"}],"replies":[{"embeddable":true,"href":"https:\/\/seastemic.com\/index.php\/wp-json\/wp\/v2\/comments?post=2291"}],"version-history":[{"count":12,"href":"https:\/\/seastemic.com\/index.php\/wp-json\/wp\/v2\/pages\/2291\/revisions"}],"predecessor-version":[{"id":2922,"href":"https:\/\/seastemic.com\/index.php\/wp-json\/wp\/v2\/pages\/2291\/revisions\/2922"}],"up":[{"embeddable":true,"href":"https:\/\/seastemic.com\/index.php\/wp-json\/wp\/v2\/pages\/1382"}],"wp:attachment":[{"href":"https:\/\/seastemic.com\/index.php\/wp-json\/wp\/v2\/media?parent=2291"}],"curies":[{"name":"wp","href":"https:\/\/api.w.org\/{rel}","templated":true}]}}