{"id":2137,"date":"2023-08-28T17:50:53","date_gmt":"2023-08-28T15:50:53","guid":{"rendered":"http:\/\/seastemic.fr\/?page_id=2137"},"modified":"2025-02-12T11:39:20","modified_gmt":"2025-02-12T10:39:20","slug":"seminaires-engages","status":"publish","type":"page","link":"https:\/\/seastemic.com\/index.php\/inspirer-2\/seminaires-engages\/","title":{"rendered":"S\u00e9minaires Engag\u00e9s et Ludiques"},"content":{"rendered":"<div class=\"yoast-breadcrumbs\"><span><span><a href=\"https:\/\/seastemic.com\/\">Accueil<\/a><\/span> \u00bb <span><a href=\"https:\/\/seastemic.com\/index.php\/inspirer-2\/\">INSPIRER<\/a><\/span> \u00bb <span class=\"breadcrumb_last\" aria-current=\"page\">S\u00e9minaires Engag\u00e9s et Ludiques<\/span><\/span><\/div>\n\n\n<div style=\"height:10px\" aria-hidden=\"true\" class=\"wp-block-spacer\"><\/div>\n\n\n\n<h1 class=\"wp-block-heading has-text-align-left has-nv-dark-bg-color has-text-color\">S\u00e9minaires Engag\u00e9s &#8211; Team Building Ludique<\/h1>\n\n\n\n<div class=\"wp-block-cover has-custom-content-position is-position-top-center\" style=\"min-height:373px;aspect-ratio:unset;\"><span aria-hidden=\"true\" class=\"wp-block-cover__background has-background-dim-0 has-background-dim\" style=\"background-color:#656061\"><\/span><img loading=\"lazy\" decoding=\"async\" width=\"2560\" height=\"1152\" class=\"wp-block-cover__image-background wp-image-2670\" alt=\"S\u00e9minaire Engag\u00e9\" src=\"https:\/\/seastemic.com\/wp-content\/uploads\/2024\/04\/20230922_151629_TimeTimer-edited-scaled.jpg\" data-object-fit=\"cover\" srcset=\"https:\/\/seastemic.com\/wp-content\/uploads\/2024\/04\/20230922_151629_TimeTimer-edited-scaled.jpg 2560w, https:\/\/seastemic.com\/wp-content\/uploads\/2024\/04\/20230922_151629_TimeTimer-edited-300x135.jpg 300w, https:\/\/seastemic.com\/wp-content\/uploads\/2024\/04\/20230922_151629_TimeTimer-edited-1024x461.jpg 1024w, https:\/\/seastemic.com\/wp-content\/uploads\/2024\/04\/20230922_151629_TimeTimer-edited-768x346.jpg 768w, https:\/\/seastemic.com\/wp-content\/uploads\/2024\/04\/20230922_151629_TimeTimer-edited-1536x691.jpg 1536w, https:\/\/seastemic.com\/wp-content\/uploads\/2024\/04\/20230922_151629_TimeTimer-edited-2048x922.jpg 2048w\" sizes=\"auto, (max-width: 2560px) 100vw, 2560px\" \/><div class=\"wp-block-cover__inner-container is-layout-flow wp-block-cover-is-layout-flow\">\n<h2 class=\"wp-block-heading has-text-align-center has-large-font-size\">Atelier Nos Actions pour Demain<\/h2>\n<\/div><\/div>\n\n\n\n<div style=\"height:17px\" aria-hidden=\"true\" class=\"wp-block-spacer\"><\/div>\n\n\n\n<div class=\"wp-block-cover has-nv-dark-bg-color has-text-color\" style=\"min-height:432px;aspect-ratio:unset;\"><span aria-hidden=\"true\" class=\"wp-block-cover__background has-nv-site-bg-background-color has-background-dim-40 has-background-dim\"><\/span><div class=\"wp-block-cover__inner-container is-layout-constrained wp-block-cover-is-layout-constrained\">\n<h2 class=\"wp-block-heading has-text-align-left has-neve-text-color-color has-text-color\">Inspirer par la mise en action en intelligence collective<\/h2>\n\n\n\n<div class=\"wp-block-columns are-vertically-aligned-center has-neve-text-color-color has-text-color is-layout-flex wp-container-core-columns-is-layout-1 wp-block-columns-is-layout-flex\">\n<div class=\"wp-block-column is-vertically-aligned-center ticss-a5cb565b is-layout-flow wp-block-column-is-layout-flow\">\n<p class=\"has-text-align-left\">Id\u00e9al lors d\u2019un s\u00e9minaire ou d\u2019un team building multi activit\u00e9s pour garder un \u00e9tat d\u2019esprit fun tout en partageant et apprenant et se questionnant sur un sujet s\u00e9rieux.<\/p>\n\n\n\n<h3 class=\"wp-block-heading has-text-align-left\"><strong>Atelier cl\u00e9 en main<\/strong> \u00ab\u00a0Nos Actions pour Demain !\u00a0\u00bb <\/h3>\n\n\n\n<p class=\"has-text-align-left\">Une journ\u00e9e cr\u00e9\u00e9e par nos soins et d\u00e9j\u00e0 \u00e9prouv\u00e9e avec 120 participants. <\/p>\n\n\n\n<p class=\"has-text-align-left\">Permet de sensibiliser vos collaborateurs aux enjeux environnementaux transverses (climat, biodiversit\u00e9, ressources, adaptation) et de les faire travailler en intelligence collective sur des solutions possibles propres \u00e0 votre contexte. <\/p>\n\n\n\n<p class=\"has-text-align-left\">Le tout dans un format p\u00e9dagogique ludique et avec une production d&rsquo;un livrable en fin de journ\u00e9e et des pitchs de solutions !<\/p>\n<\/div>\n\n\n\n<div class=\"wp-block-column is-vertically-aligned-center ticss-a5cb565b is-layout-flow wp-block-column-is-layout-flow\">\n<figure class=\"wp-block-image size-large is-resized\"><img loading=\"lazy\" decoding=\"async\" width=\"1024\" height=\"684\" src=\"https:\/\/seastemic.com\/wp-content\/uploads\/2023\/06\/fresque-biodiversite-1024x684.jpg\" alt=\"S\u00e9minaire Enjeux Environnementaux\" class=\"wp-image-1409\" style=\"width:316px\" srcset=\"https:\/\/seastemic.com\/wp-content\/uploads\/2023\/06\/fresque-biodiversite-1024x684.jpg 1024w, https:\/\/seastemic.com\/wp-content\/uploads\/2023\/06\/fresque-biodiversite-300x200.jpg 300w, https:\/\/seastemic.com\/wp-content\/uploads\/2023\/06\/fresque-biodiversite-768x513.jpg 768w, https:\/\/seastemic.com\/wp-content\/uploads\/2023\/06\/fresque-biodiversite-1536x1025.jpg 1536w, https:\/\/seastemic.com\/wp-content\/uploads\/2023\/06\/fresque-biodiversite-930x620.jpg 930w, https:\/\/seastemic.com\/wp-content\/uploads\/2023\/06\/fresque-biodiversite.jpg 1618w\" sizes=\"auto, (max-width: 1024px) 100vw, 1024px\" \/><figcaption class=\"wp-element-caption\">S\u00e9minaire avec Fresque g\u00e9ante pour tous les collaborateurs le matin (&gt;100 participants)<\/figcaption><\/figure>\n<\/div>\n<\/div>\n\n\n\n<div class=\"wp-block-columns are-vertically-aligned-center has-neve-text-color-color has-text-color is-layout-flex wp-container-core-columns-is-layout-2 wp-block-columns-is-layout-flex\">\n<div class=\"wp-block-column is-vertically-aligned-center ticss-a5cb565b is-layout-flow wp-block-column-is-layout-flow\" style=\"flex-basis:33%\">\n<figure class=\"wp-block-image size-full is-resized\"><img loading=\"lazy\" decoding=\"async\" width=\"1620\" height=\"1080\" src=\"https:\/\/seastemic.com\/wp-content\/uploads\/2023\/08\/20220503_110701_FR-Toulouse-UnisCite-Conference-Synthese-Climat-Biodiv-Ressources.jpg\" alt=\"\" class=\"wp-image-1951\" style=\"width:316px;height:auto\" srcset=\"https:\/\/seastemic.com\/wp-content\/uploads\/2023\/08\/20220503_110701_FR-Toulouse-UnisCite-Conference-Synthese-Climat-Biodiv-Ressources.jpg 1620w, https:\/\/seastemic.com\/wp-content\/uploads\/2023\/08\/20220503_110701_FR-Toulouse-UnisCite-Conference-Synthese-Climat-Biodiv-Ressources-300x200.jpg 300w, https:\/\/seastemic.com\/wp-content\/uploads\/2023\/08\/20220503_110701_FR-Toulouse-UnisCite-Conference-Synthese-Climat-Biodiv-Ressources-1024x683.jpg 1024w, https:\/\/seastemic.com\/wp-content\/uploads\/2023\/08\/20220503_110701_FR-Toulouse-UnisCite-Conference-Synthese-Climat-Biodiv-Ressources-768x512.jpg 768w, https:\/\/seastemic.com\/wp-content\/uploads\/2023\/08\/20220503_110701_FR-Toulouse-UnisCite-Conference-Synthese-Climat-Biodiv-Ressources-1536x1024.jpg 1536w, https:\/\/seastemic.com\/wp-content\/uploads\/2023\/08\/20220503_110701_FR-Toulouse-UnisCite-Conference-Synthese-Climat-Biodiv-Ressources-930x620.jpg 930w\" sizes=\"auto, (max-width: 1620px) 100vw, 1620px\" \/><figcaption class=\"wp-element-caption\">Conf\u00e9rence enjeux environnementaux<\/figcaption><\/figure>\n\n\n\n<figure class=\"wp-block-image size-large is-resized\"><img loading=\"lazy\" decoding=\"async\" width=\"1024\" height=\"576\" src=\"https:\/\/seastemic.com\/wp-content\/uploads\/2022\/02\/20181115_172034_FR-Annonay_Seastemic-Formation-Cyberg-1024x576.jpg\" alt=\"Intelligence Collective\" class=\"wp-image-617\" style=\"width:316px\" srcset=\"https:\/\/seastemic.com\/wp-content\/uploads\/2022\/02\/20181115_172034_FR-Annonay_Seastemic-Formation-Cyberg-1024x576.jpg 1024w, https:\/\/seastemic.com\/wp-content\/uploads\/2022\/02\/20181115_172034_FR-Annonay_Seastemic-Formation-Cyberg-300x169.jpg 300w, https:\/\/seastemic.com\/wp-content\/uploads\/2022\/02\/20181115_172034_FR-Annonay_Seastemic-Formation-Cyberg-768x432.jpg 768w, https:\/\/seastemic.com\/wp-content\/uploads\/2022\/02\/20181115_172034_FR-Annonay_Seastemic-Formation-Cyberg-1536x864.jpg 1536w, https:\/\/seastemic.com\/wp-content\/uploads\/2022\/02\/20181115_172034_FR-Annonay_Seastemic-Formation-Cyberg.jpg 1920w\" sizes=\"auto, (max-width: 1024px) 100vw, 1024px\" \/><figcaption class=\"wp-element-caption\">Atelier World Caf\u00e9<\/figcaption><\/figure>\n<\/div>\n\n\n\n<div class=\"wp-block-column is-vertically-aligned-center ticss-a5cb565b is-layout-flow wp-block-column-is-layout-flow\" style=\"flex-basis:67%\">\n<h3 class=\"wp-block-heading has-text-align-left\"><strong>Cr\u00e9ations sur mesure<\/strong> <\/h3>\n\n\n\n<p class=\"has-text-align-left\">pour votre contexte avec possibilit\u00e9 de:<\/p>\n\n\n\n<ul class=\"wp-block-list\">\n<li> th\u00e9matiques sur mesures en lien avec les enjeux environnementaux. &nbsp;<\/li>\n\n\n\n<li>Animation en intelligence collective<\/li>\n\n\n\n<li>Conf\u00e9rences <\/li>\n\n\n\n<li>Fresques du climat, biodiversit\u00e9 &#8230;<\/li>\n\n\n\n<li>Co Cr\u00e9ation guid\u00e9es avec engagement de vos \u00e9quipes sur, par exemple, des Manifeste D\u00e9carbonation; Listes d&rsquo;actions d\u00e9taill\u00e9es pour am\u00e9liorer l&rsquo;impact environnemental &#8230;<\/li>\n<\/ul>\n<\/div>\n<\/div>\n\n\n\n<div style=\"height:0px\" aria-hidden=\"true\" class=\"wp-block-spacer\"><\/div>\n<\/div><\/div>\n\n\n\n<hr class=\"wp-block-separator has-alpha-channel-opacity\"\/>\n\n\n\n<div class=\"wp-block-cover\" style=\"min-height:772px;aspect-ratio:unset;\"><span aria-hidden=\"true\" class=\"wp-block-cover__background has-nv-text-dark-bg-background-color has-background-dim-40 has-background-dim\"><\/span><div class=\"wp-block-cover__inner-container is-layout-flow wp-block-cover-is-layout-flow\">\n<h2 class=\"wp-block-heading has-text-align-left has-neve-text-color-color has-text-color\">Inspirer par le Jeu : Mini Escape Game sur table sur les \u00e9nergies renouvelables<\/h2>\n\n\n\n<div style=\"height:0px\" aria-hidden=\"true\" class=\"wp-block-spacer\"><\/div>\n\n\n\n<div class=\"wp-block-columns are-vertically-aligned-center is-layout-flex wp-container-core-columns-is-layout-3 wp-block-columns-is-layout-flex\">\n<div class=\"wp-block-column is-vertically-aligned-center is-layout-flow wp-block-column-is-layout-flow\" style=\"flex-basis:50%\">\n<h3 class=\"wp-block-heading has-nv-dark-bg-color has-text-color has-link-color wp-elements-12ef62543e7561e3af0d668ad7c64bd7\">Save the ENR &#8211; Save the world !<\/h3>\n\n\n\n<figure class=\"wp-block-image size-full is-resized\"><img loading=\"lazy\" decoding=\"async\" width=\"1000\" height=\"1000\" src=\"https:\/\/seastemic.com\/wp-content\/uploads\/2023\/06\/jeu-1000x1000-1.jpg\" alt=\"mini escape game sur les \u00e9nergies renouvelables\" class=\"wp-image-830\" style=\"width:550px;height:550px\" srcset=\"https:\/\/seastemic.com\/wp-content\/uploads\/2023\/06\/jeu-1000x1000-1.jpg 1000w, https:\/\/seastemic.com\/wp-content\/uploads\/2023\/06\/jeu-1000x1000-1-300x300.jpg 300w, https:\/\/seastemic.com\/wp-content\/uploads\/2023\/06\/jeu-1000x1000-1-150x150.jpg 150w, https:\/\/seastemic.com\/wp-content\/uploads\/2023\/06\/jeu-1000x1000-1-768x768.jpg 768w\" sizes=\"auto, (max-width: 1000px) 100vw, 1000px\" \/><\/figure>\n<\/div>\n\n\n\n<div class=\"wp-block-column is-vertically-aligned-center ticss-3b156fd8 is-layout-flow wp-block-column-is-layout-flow\" style=\"flex-basis:50%\">\n<p class=\"has-nv-dark-bg-color has-text-color\">Jeux sur table de type Escape Game dont les ressorts ludiques permettent d\u2019informer et communiquer de mani\u00e8re synth\u00e9tique sur des sujets s\u00e9rieux : la transition \u00e9nerg\u00e9tique et la neutralit\u00e9 carbone.<\/p>\n\n\n\n<p class=\"has-neve-text-color-color has-text-color\">En effet : Atteindre la neutralit\u00e9 carbone implique une transformation de l\u2019\u00e9conomie et des modes de vie, et une restructuration du syst\u00e8me permettant \u00e0 l\u2019\u00e9lectricit\u00e9 de remplacer les \u00e9nergies fossiles comme principale \u00e9nergie du pays.<\/p>\n\n\n\n<p class=\"has-neve-text-color-color has-text-color\">Vous avez 20 minutes pour apprendre et partager sur les \u00e9missions carbones de chaque \u00e9nergie et leur potentiel \u00e9lectrique. Vous devrez sur ces informations r\u00e9soudre une \u00e9nigme&nbsp; afin de trouver le code qui ouvre le coffre fort ! Celui-ci renferme quatre sc\u00e9narios de la Strat\u00e9gie Nationale Bas Carbone fran\u00e7aise en vue de la neutralit\u00e9 carbone \u00e0 horizon 2050. Saurez vous en s\u00e9lectionner un et le bon !?<br>Tous les \u00e9l\u00e9ments de ce \u201cserious game\u201d sont issus de sources pr\u00e9cises comme le rapport RTE sur les sc\u00e9narios de pr\u00e9vision \u00e9nergie 2050 ; le rapport de la strat\u00e9gie Nationale Bas Carbone de l\u2019\u00e9tat Fran\u00e7ais et les \u00e9l\u00e9ments de facteurs d\u2019\u00e9missions du site<\/p>\n<\/div>\n<\/div>\n<\/div><\/div>\n\n\n\n<hr class=\"wp-block-separator has-alpha-channel-opacity\"\/>\n\n\n\n<div class=\"wp-block-buttons is-horizontal is-content-justification-center is-layout-flex wp-container-core-buttons-is-layout-1 wp-block-buttons-is-layout-flex\">\n<div class=\"wp-block-button has-custom-width wp-block-button__width-100 is-style-primary\"><a class=\"wp-block-button__link wp-element-button\" href=\"https:\/\/seastemic.com\/index.php\/contact-2\/#formulaire\" target=\"_blank\" rel=\"noreferrer noopener\">CONTACT<\/a><\/div>\n<\/div>\n\n\n\n<div style=\"height:40px\" aria-hidden=\"true\" class=\"wp-block-spacer\"><\/div>\n","protected":false},"excerpt":{"rendered":"<p>S\u00e9minaires Engag\u00e9s &#8211; Team Building Ludique<\/p>\n","protected":false},"author":1,"featured_media":0,"parent":1148,"menu_order":0,"comment_status":"closed","ping_status":"closed","template":"page-templates\/template-pagebuilder-full-width.php","meta":{"neve_meta_sidebar":"","neve_meta_container":"","neve_meta_enable_content_width":"","neve_meta_content_width":0,"neve_meta_title_alignment":"","neve_meta_author_avatar":"","neve_post_elements_order":"","neve_meta_disable_header":"","neve_meta_disable_footer":"","neve_meta_disable_title":"","_themeisle_gutenberg_block_has_review":false,"footnotes":""},"class_list":["post-2137","page","type-page","status-publish","hentry"],"yoast_head":"<!-- This site is optimized with the Yoast SEO plugin v24.4 - https:\/\/yoast.com\/wordpress\/plugins\/seo\/ -->\n<title>S\u00e9minaires Engag\u00e9s et Ludiques - Seastemic<\/title>\n<meta name=\"description\" content=\"S\u00e9minaires d&#039;entreprise sur les enjeux environnementaux. Embarquez vos \u00e9quipes pour un team building anim\u00e9 en intelligence collective.\" \/>\n<meta name=\"robots\" content=\"index, follow, max-snippet:-1, max-image-preview:large, max-video-preview:-1\" \/>\n<link rel=\"canonical\" href=\"https:\/\/seastemic.com\/index.php\/inspirer-2\/seminaires-engages\/\" \/>\n<meta property=\"og:locale\" content=\"fr_FR\" \/>\n<meta property=\"og:type\" content=\"article\" \/>\n<meta property=\"og:title\" content=\"S\u00e9minaires Engag\u00e9s et Ludiques - Seastemic\" \/>\n<meta property=\"og:description\" content=\"S\u00e9minaires d&#039;entreprise sur les enjeux environnementaux. Embarquez vos \u00e9quipes pour un team building anim\u00e9 en intelligence collective.\" \/>\n<meta property=\"og:url\" content=\"https:\/\/seastemic.com\/index.php\/inspirer-2\/seminaires-engages\/\" \/>\n<meta property=\"og:site_name\" content=\"Seastemic\" \/>\n<meta property=\"article:modified_time\" content=\"2025-02-12T10:39:20+00:00\" \/>\n<meta property=\"og:image\" content=\"https:\/\/seastemic.com\/wp-content\/uploads\/2024\/04\/20230922_151629_TimeTimer-edited-scaled.jpg\" \/>\n\t<meta property=\"og:image:width\" content=\"2560\" \/>\n\t<meta property=\"og:image:height\" content=\"1152\" \/>\n\t<meta property=\"og:image:type\" content=\"image\/jpeg\" \/>\n<meta name=\"twitter:card\" content=\"summary_large_image\" \/>\n<meta name=\"twitter:label1\" content=\"Dur\u00e9e de lecture estim\u00e9e\" \/>\n\t<meta name=\"twitter:data1\" content=\"3 minutes\" \/>\n<script type=\"application\/ld+json\" class=\"yoast-schema-graph\">{\"@context\":\"https:\/\/schema.org\",\"@graph\":[{\"@type\":\"WebPage\",\"@id\":\"https:\/\/seastemic.com\/index.php\/inspirer-2\/seminaires-engages\/\",\"url\":\"https:\/\/seastemic.com\/index.php\/inspirer-2\/seminaires-engages\/\",\"name\":\"S\u00e9minaires Engag\u00e9s et Ludiques - Seastemic\",\"isPartOf\":{\"@id\":\"https:\/\/seastemic.com\/#website\"},\"primaryImageOfPage\":{\"@id\":\"https:\/\/seastemic.com\/index.php\/inspirer-2\/seminaires-engages\/#primaryimage\"},\"image\":{\"@id\":\"https:\/\/seastemic.com\/index.php\/inspirer-2\/seminaires-engages\/#primaryimage\"},\"thumbnailUrl\":\"https:\/\/seastemic.com\/wp-content\/uploads\/2024\/04\/20230922_151629_TimeTimer-edited-scaled.jpg\",\"datePublished\":\"2023-08-28T15:50:53+00:00\",\"dateModified\":\"2025-02-12T10:39:20+00:00\",\"description\":\"S\u00e9minaires d'entreprise sur les enjeux environnementaux. Embarquez vos \u00e9quipes pour un team building anim\u00e9 en intelligence collective.\",\"breadcrumb\":{\"@id\":\"https:\/\/seastemic.com\/index.php\/inspirer-2\/seminaires-engages\/#breadcrumb\"},\"inLanguage\":\"fr-FR\",\"potentialAction\":[{\"@type\":\"ReadAction\",\"target\":[\"https:\/\/seastemic.com\/index.php\/inspirer-2\/seminaires-engages\/\"]}]},{\"@type\":\"ImageObject\",\"inLanguage\":\"fr-FR\",\"@id\":\"https:\/\/seastemic.com\/index.php\/inspirer-2\/seminaires-engages\/#primaryimage\",\"url\":\"https:\/\/seastemic.com\/wp-content\/uploads\/2024\/04\/20230922_151629_TimeTimer-edited-scaled.jpg\",\"contentUrl\":\"https:\/\/seastemic.com\/wp-content\/uploads\/2024\/04\/20230922_151629_TimeTimer-edited-scaled.jpg\",\"width\":\"2560\",\"height\":\"1152\",\"caption\":\"Team Building avec sens\"},{\"@type\":\"BreadcrumbList\",\"@id\":\"https:\/\/seastemic.com\/index.php\/inspirer-2\/seminaires-engages\/#breadcrumb\",\"itemListElement\":[{\"@type\":\"ListItem\",\"position\":1,\"name\":\"Accueil\",\"item\":\"https:\/\/seastemic.com\/\"},{\"@type\":\"ListItem\",\"position\":2,\"name\":\"INSPIRER\",\"item\":\"https:\/\/seastemic.com\/index.php\/inspirer-2\/\"},{\"@type\":\"ListItem\",\"position\":3,\"name\":\"S\u00e9minaires Engag\u00e9s et Ludiques\"}]},{\"@type\":\"WebSite\",\"@id\":\"https:\/\/seastemic.com\/#website\",\"url\":\"https:\/\/seastemic.com\/\",\"name\":\"Seastemic\",\"description\":\"Inspirer, Former, Transformer\",\"publisher\":{\"@id\":\"https:\/\/seastemic.com\/#organization\"},\"potentialAction\":[{\"@type\":\"SearchAction\",\"target\":{\"@type\":\"EntryPoint\",\"urlTemplate\":\"https:\/\/seastemic.com\/?s={search_term_string}\"},\"query-input\":{\"@type\":\"PropertyValueSpecification\",\"valueRequired\":true,\"valueName\":\"search_term_string\"}}],\"inLanguage\":\"fr-FR\"},{\"@type\":\"Organization\",\"@id\":\"https:\/\/seastemic.com\/#organization\",\"name\":\"Seastemic\",\"url\":\"https:\/\/seastemic.com\/\",\"logo\":{\"@type\":\"ImageObject\",\"inLanguage\":\"fr-FR\",\"@id\":\"https:\/\/seastemic.com\/#\/schema\/logo\/image\/\",\"url\":\"https:\/\/seastemic.com\/wp-content\/uploads\/2023\/06\/cropped-cropped-icone_seastemic.png\",\"contentUrl\":\"https:\/\/seastemic.com\/wp-content\/uploads\/2023\/06\/cropped-cropped-icone_seastemic.png\",\"width\":\"512\",\"height\":\"512\",\"caption\":\"Seastemic\"},\"image\":{\"@id\":\"https:\/\/seastemic.com\/#\/schema\/logo\/image\/\"},\"sameAs\":[\"https:\/\/www.linkedin.com\/company\/seastemic31\"]}]}<\/script>\n<!-- \/ Yoast SEO plugin. -->","yoast_head_json":{"title":"S\u00e9minaires Engag\u00e9s et Ludiques - Seastemic","description":"S\u00e9minaires d'entreprise sur les enjeux environnementaux. Embarquez vos \u00e9quipes pour un team building anim\u00e9 en intelligence collective.","robots":{"index":"index","follow":"follow","max-snippet":"max-snippet:-1","max-image-preview":"max-image-preview:large","max-video-preview":"max-video-preview:-1"},"canonical":"https:\/\/seastemic.com\/index.php\/inspirer-2\/seminaires-engages\/","og_locale":"fr_FR","og_type":"article","og_title":"S\u00e9minaires Engag\u00e9s et Ludiques - Seastemic","og_description":"S\u00e9minaires d'entreprise sur les enjeux environnementaux. Embarquez vos \u00e9quipes pour un team building anim\u00e9 en intelligence collective.","og_url":"https:\/\/seastemic.com\/index.php\/inspirer-2\/seminaires-engages\/","og_site_name":"Seastemic","article_modified_time":"2025-02-12T10:39:20+00:00","og_image":[{"width":2560,"height":1152,"url":"https:\/\/seastemic.com\/wp-content\/uploads\/2024\/04\/20230922_151629_TimeTimer-edited-scaled.jpg","type":"image\/jpeg"}],"twitter_card":"summary_large_image","twitter_misc":{"Dur\u00e9e de lecture estim\u00e9e":"3 minutes"},"schema":{"@context":"https:\/\/schema.org","@graph":[{"@type":"WebPage","@id":"https:\/\/seastemic.com\/index.php\/inspirer-2\/seminaires-engages\/","url":"https:\/\/seastemic.com\/index.php\/inspirer-2\/seminaires-engages\/","name":"S\u00e9minaires Engag\u00e9s et Ludiques - Seastemic","isPartOf":{"@id":"https:\/\/seastemic.com\/#website"},"primaryImageOfPage":{"@id":"https:\/\/seastemic.com\/index.php\/inspirer-2\/seminaires-engages\/#primaryimage"},"image":{"@id":"https:\/\/seastemic.com\/index.php\/inspirer-2\/seminaires-engages\/#primaryimage"},"thumbnailUrl":"https:\/\/seastemic.com\/wp-content\/uploads\/2024\/04\/20230922_151629_TimeTimer-edited-scaled.jpg","datePublished":"2023-08-28T15:50:53+00:00","dateModified":"2025-02-12T10:39:20+00:00","description":"S\u00e9minaires d'entreprise sur les enjeux environnementaux. Embarquez vos \u00e9quipes pour un team building anim\u00e9 en intelligence collective.","breadcrumb":{"@id":"https:\/\/seastemic.com\/index.php\/inspirer-2\/seminaires-engages\/#breadcrumb"},"inLanguage":"fr-FR","potentialAction":[{"@type":"ReadAction","target":["https:\/\/seastemic.com\/index.php\/inspirer-2\/seminaires-engages\/"]}]},{"@type":"ImageObject","inLanguage":"fr-FR","@id":"https:\/\/seastemic.com\/index.php\/inspirer-2\/seminaires-engages\/#primaryimage","url":"https:\/\/seastemic.com\/wp-content\/uploads\/2024\/04\/20230922_151629_TimeTimer-edited-scaled.jpg","contentUrl":"https:\/\/seastemic.com\/wp-content\/uploads\/2024\/04\/20230922_151629_TimeTimer-edited-scaled.jpg","width":"2560","height":"1152","caption":"Team Building avec sens"},{"@type":"BreadcrumbList","@id":"https:\/\/seastemic.com\/index.php\/inspirer-2\/seminaires-engages\/#breadcrumb","itemListElement":[{"@type":"ListItem","position":1,"name":"Accueil","item":"https:\/\/seastemic.com\/"},{"@type":"ListItem","position":2,"name":"INSPIRER","item":"https:\/\/seastemic.com\/index.php\/inspirer-2\/"},{"@type":"ListItem","position":3,"name":"S\u00e9minaires Engag\u00e9s et Ludiques"}]},{"@type":"WebSite","@id":"https:\/\/seastemic.com\/#website","url":"https:\/\/seastemic.com\/","name":"Seastemic","description":"Inspirer, Former, Transformer","publisher":{"@id":"https:\/\/seastemic.com\/#organization"},"potentialAction":[{"@type":"SearchAction","target":{"@type":"EntryPoint","urlTemplate":"https:\/\/seastemic.com\/?s={search_term_string}"},"query-input":{"@type":"PropertyValueSpecification","valueRequired":true,"valueName":"search_term_string"}}],"inLanguage":"fr-FR"},{"@type":"Organization","@id":"https:\/\/seastemic.com\/#organization","name":"Seastemic","url":"https:\/\/seastemic.com\/","logo":{"@type":"ImageObject","inLanguage":"fr-FR","@id":"https:\/\/seastemic.com\/#\/schema\/logo\/image\/","url":"https:\/\/seastemic.com\/wp-content\/uploads\/2023\/06\/cropped-cropped-icone_seastemic.png","contentUrl":"https:\/\/seastemic.com\/wp-content\/uploads\/2023\/06\/cropped-cropped-icone_seastemic.png","width":"512","height":"512","caption":"Seastemic"},"image":{"@id":"https:\/\/seastemic.com\/#\/schema\/logo\/image\/"},"sameAs":["https:\/\/www.linkedin.com\/company\/seastemic31"]}]}},"_links":{"self":[{"href":"https:\/\/seastemic.com\/index.php\/wp-json\/wp\/v2\/pages\/2137","targetHints":{"allow":["GET"]}}],"collection":[{"href":"https:\/\/seastemic.com\/index.php\/wp-json\/wp\/v2\/pages"}],"about":[{"href":"https:\/\/seastemic.com\/index.php\/wp-json\/wp\/v2\/types\/page"}],"author":[{"embeddable":true,"href":"https:\/\/seastemic.com\/index.php\/wp-json\/wp\/v2\/users\/1"}],"replies":[{"embeddable":true,"href":"https:\/\/seastemic.com\/index.php\/wp-json\/wp\/v2\/comments?post=2137"}],"version-history":[{"count":28,"href":"https:\/\/seastemic.com\/index.php\/wp-json\/wp\/v2\/pages\/2137\/revisions"}],"predecessor-version":[{"id":3153,"href":"https:\/\/seastemic.com\/index.php\/wp-json\/wp\/v2\/pages\/2137\/revisions\/3153"}],"up":[{"embeddable":true,"href":"https:\/\/seastemic.com\/index.php\/wp-json\/wp\/v2\/pages\/1148"}],"wp:attachment":[{"href":"https:\/\/seastemic.com\/index.php\/wp-json\/wp\/v2\/media?parent=2137"}],"curies":[{"name":"wp","href":"https:\/\/api.w.org\/{rel}","templated":true}]}}